{"id":288,"date":"2013-09-12T10:18:43","date_gmt":"2013-09-12T09:18:43","guid":{"rendered":"http:\/\/aia-cts.web.ua.pt\/?page_id=288"},"modified":"2026-03-23T14:50:01","modified_gmt":"2026-03-23T14:50:01","slug":"inscricao-e-pagamentos","status":"publish","type":"page","link":"http:\/\/aia-cts.web.ua.pt\/?page_id=288","title":{"rendered":"Inscri\u00e7\u00e3o e Pagamentos"},"content":{"rendered":"\n<figure class=\"wp-block-pullquote has-text-align-left has-small-font-size\"><blockquote><p><strong>Importante:<\/strong><br><br>A Associa\u00e7\u00e3o Ibero-Americana CTS na Educa\u00e7\u00e3o de Ci\u00eancias (AIA-CTS) tem recebido pagamentos sem indica\u00e7\u00e3o do nome do associado a quem diz respeito o valor, o que n\u00e3o permite emitir um recibo relativo ao pagamento da quota anual de 2026.<br><br>Pedimos aos associados que tenham feito um pagamento recentemente nessas condi\u00e7\u00f5es, ou que detetem alguma falha de comunica\u00e7\u00e3o nesse sentido, para entrar em contacto, com urg\u00eancia, com os membros da dire\u00e7\u00e3o e para o email\u00a0<a href=\"mailto:de-aia-cts@ua.pt\">de-aia-cts@ua.pt<\/a>, para regulariza\u00e7\u00e3o da situa\u00e7\u00e3o ou esclarecimento de d\u00favidas.<br><br>De modo a facilitar a correta identifica\u00e7\u00e3o dos pagamentos e a emiss\u00e3o dos respetivos recibos, agradecemos que, ao efetuar o pagamento, indiquem na descri\u00e7\u00e3o\u00a0o\u00a0<strong>n\u00famero de associado<\/strong>.<strong>\u00a0O n\u00famero de associado pode ser verificado\u00a0<a href=\"https:\/\/aia-cts.web.ua.pt\/?page_id=55\" target=\"_blank\" rel=\"noreferrer noopener\">aqui<\/a>.\u00a0<\/strong>Sempre que poss\u00edvel, solicitamos tamb\u00e9m o envio do\u00a0<strong>comprovativo de pagamento<\/strong>\u00a0para o email\u00a0<a href=\"mailto:de-aia-cts@ua.pt\">de-aia-cts@ua.pt<\/a>.<\/p><\/blockquote><\/figure>\n\n\n\n<h3 class=\"wp-block-heading\">Ficha de inscri\u00e7\u00e3o<\/h3>\n\n\n\n<p><a href=\"https:\/\/docs.google.com\/spreadsheet\/viewform?formkey=dEhvaVZQWXN0LUZlVVRzS1hLYk01bXc6MQ#gid=0\" target=\"_blank\" rel=\"noopener noreferrer\"><strong>Ficha de Inscri\u00e7\u00e3o<\/strong>&nbsp;na Associa\u00e7\u00e3o Ibero-americana CTS (AIA &#8211; CTS)<br><\/a><\/p>\n\n\n\n<h3 class=\"wp-block-heading\">Pagamento&nbsp;da quota anual<\/h3>\n\n\n\n<p>Pagamento da quota anual 2026:<strong>&nbsp;janeiro de 2026<\/strong><\/p>\n\n\n\n<p>Os valores da Quota Anual, que se manter\u00e3o at\u00e9 nova revis\u00e3o, s\u00e3o:<\/p>\n\n\n\n<ul class=\"wp-block-list\">\n<li>35 EUROS para s\u00f3cio efetivo;<\/li>\n\n\n\n<li>50 EUROS para s\u00f3cio colectivo (n\u00e3o est\u00e1 ativo);<\/li>\n\n\n\n<li>25 EUROS para Estudantes de P\u00f3s-Gradua\u00e7\u00e3o (Mestrado, Doutoramento e P\u00f3s-Doutoramento)<\/li>\n<\/ul>\n\n\n\n<p>A altera\u00e7\u00e3o destes valores, a ser efetuada em Assembleia-Geral, ser\u00e1 sempre comunicada aos s\u00f3cios.<\/p>\n\n\n\n<p>O pagamento pode ser efetuado atrav\u00e9s de:<\/p>\n\n\n\n<p><b>Cheque ou Vale Postal<\/b>&nbsp;(apenas para pagamentos nacionais, em Portugal)<br>(\u00e0 ordem de AIA-CTS)<\/p>\n\n\n\n<p>Professor Rui Marques Vieira<br>Universidade de Aveiro<br>Departamento de Educa\u00e7\u00e3o e Psicologia<br>3810-193 AVEIRO \u2013 PORTUGAL<\/p>\n\n\n\n<p><b>Transfer\u00eancia Banc\u00e1ria<br><\/b>(enviar e-mail com comprovativo do pagamento)<\/p>\n\n\n\n<p>Banco: Caixa Geral de Dep\u00f3sitos<br>Ag\u00eancia: Glic\u00ednias &#8211; Aveiro<br>Localidade: Aveiro \u2013 Portugal<\/p>\n\n\n\n<p>NIB (N\u00famero de Identifica\u00e7\u00e3o Banc\u00e1ria) &nbsp; &nbsp; &nbsp; &nbsp; &nbsp; &nbsp; &nbsp; 0035 0836 00002376 330 27<br>IBAN (International Bank Account Number) &nbsp; &nbsp; &nbsp; &nbsp; &nbsp;PT50 0035 0836 00002376 330 27<br>BIC (Bank Identification Code) \/Swift &nbsp; &nbsp; &nbsp; &nbsp; &nbsp; &nbsp; &nbsp; &nbsp; &nbsp; CGDIPTPL<\/p>\n\n\n\n<p><b>Paypal (preferencial para Associados da Am\u00e9rica Latina)<\/b><\/p>\n\n\n\n<p>Efetue o seu pagamento&nbsp;<a href=\"https:\/\/www.paypal.com\/pt\/webapps\/mpp\/home\" target=\"_blank\" rel=\"noopener noreferrer\">aqui<\/a>&nbsp;utilizando o email&nbsp;<a href=\"mailto:de-aia-cts@ua.pt\">de-aia-cts@ua.pt<\/a><\/p>\n","protected":false},"excerpt":{"rendered":"<p>Importante: A Associa\u00e7\u00e3o Ibero-Americana CTS na Educa\u00e7\u00e3o de Ci\u00eancias (AIA-CTS) tem recebido pagamentos sem indica\u00e7\u00e3o do nome do associado a quem diz respeito o valor, o que n\u00e3o permite emitir um recibo relativo ao pagamento da quota anual de 2026.&hellip; <\/p>\n","protected":false},"author":1,"featured_media":281,"parent":55,"menu_order":10,"comment_status":"open","ping_status":"closed","template":"","meta":{"footnotes":""},"class_list":["post-288","page","type-page","status-publish","has-post-thumbnail","hentry"],"_links":{"self":[{"href":"http:\/\/aia-cts.web.ua.pt\/index.php?rest_route=\/wp\/v2\/pages\/288","targetHints":{"allow":["GET"]}}],"collection":[{"href":"http:\/\/aia-cts.web.ua.pt\/index.php?rest_route=\/wp\/v2\/pages"}],"about":[{"href":"http:\/\/aia-cts.web.ua.pt\/index.php?rest_route=\/wp\/v2\/types\/page"}],"author":[{"embeddable":true,"href":"http:\/\/aia-cts.web.ua.pt\/index.php?rest_route=\/wp\/v2\/users\/1"}],"replies":[{"embeddable":true,"href":"http:\/\/aia-cts.web.ua.pt\/index.php?rest_route=%2Fwp%2Fv2%2Fcomments&post=288"}],"version-history":[{"count":35,"href":"http:\/\/aia-cts.web.ua.pt\/index.php?rest_route=\/wp\/v2\/pages\/288\/revisions"}],"predecessor-version":[{"id":8897,"href":"http:\/\/aia-cts.web.ua.pt\/index.php?rest_route=\/wp\/v2\/pages\/288\/revisions\/8897"}],"up":[{"embeddable":true,"href":"http:\/\/aia-cts.web.ua.pt\/index.php?rest_route=\/wp\/v2\/pages\/55"}],"wp:featuredmedia":[{"embeddable":true,"href":"http:\/\/aia-cts.web.ua.pt\/index.php?rest_route=\/wp\/v2\/media\/281"}],"wp:attachment":[{"href":"http:\/\/aia-cts.web.ua.pt\/index.php?rest_route=%2Fwp%2Fv2%2Fmedia&parent=288"}],"curies":[{"name":"wp","href":"https:\/\/api.w.org\/{rel}","templated":true}]}}