{"id":8722,"date":"2026-03-03T11:05:26","date_gmt":"2026-03-03T11:05:26","guid":{"rendered":"https:\/\/aia-cts.web.ua.pt\/?page_id=8722"},"modified":"2026-03-03T11:05:27","modified_gmt":"2026-03-03T11:05:27","slug":"premio-aia-cts-2020","status":"publish","type":"page","link":"http:\/\/aia-cts.web.ua.pt\/?page_id=8722&lang=es","title":{"rendered":"Pr\u00e9mio AIA-CTS 2020"},"content":{"rendered":"\n<p>Disserta\u00e7\u00e3o de mestrado \u2013 <strong>Erika Louise Branco Ribeiro<\/strong>, Departamento de Educa\u00e7\u00e3o e Psicologia da Universidade de Aveiro, intitulada \u201c<strong>PERSPECTIVA INTEGRADA DE EDUCA\u00c7\u00c3O EM CI\u00caNCIAS E CRIATIVIDADE NA PROMO\u00c7\u00c3O DA EDUCA\u00c7\u00c3O PARA O DESENVOLVIMENTO SUSTENT\u00c1VEL<\/strong>\u201d, orientada por <strong>Ana V. Rodrigues<\/strong> (Universidade de Aveiro \u2013 Portugal).<\/p>\n\n\n\n<p><a href=\"http:\/\/hdl.handle.net\/10773\/25915\" target=\"_blank\" rel=\"noreferrer noopener\">Disserta\u00e7\u00e3o de Mestrado de Erika Louise Branco Ribeiro<\/a><\/p>\n\n\n\n<p><a href=\"http:\/\/aia-cts.web.ua.pt\/wp-content\/uploads\/2020\/12\/Diploma-de-Merito_Dissertacao-de-Mestrado-2020.pdf\" target=\"_blank\" rel=\"noreferrer noopener\">Diploma de M\u00e9rito Disserta\u00e7\u00e3o de Mestrado de Erika Louise Branco Ribeiro<\/a><\/p>\n\n\n\n<p><br>Tese de Doutoramento \u2013 <strong>Javier Rom\u00e1n Sancho \u00dabeda<\/strong>, Departamento de Did\u00e1ctica de las Ciencias Experimentales y Sociales, Universitat de Valencia, intitulado \u201c<strong>LOS DOCUMENTALES CIENT\u00cdFICOS COMO INSTRUMENTOS DE FORMACI\u00d3N CIUDADANA PARA LA SOSTENIBILIDAD<\/strong>\u201d, orientada por Amparo Vilches &amp; Mar\u00eda Calero (Universitat de Val\u00e8ncia &#8211; Departamento de Did\u00e1ctica de las Ciencias Experimentales y Sociales).<\/p>\n\n\n\n<p><a rel=\"noreferrer noopener\" href=\"http:\/\/hdl.handle.net\/10550\/68092\" target=\"_blank\">Tese de Doutoramento de Javier Rom\u00e1n Sancho \u00dabeda<\/a><\/p>\n\n\n\n<p><a href=\"http:\/\/aia-cts.web.ua.pt\/wp-content\/uploads\/2020\/12\/Diploma-de-Merito_Tese-de-Doutoramento2020.pdf\" target=\"_blank\" rel=\"noreferrer noopener\">Diploma de M\u00e9rito Tese de Doutoramento de Javier Rom\u00e1n Sancho \u00dabeda<\/a><\/p>\n","protected":false},"excerpt":{"rendered":"<p>Disserta\u00e7\u00e3o de mestrado \u2013 Erika Louise Branco Ribeiro, Departamento de Educa\u00e7\u00e3o e Psicologia da Universidade de Aveiro, intitulada \u201cPERSPECTIVA INTEGRADA DE EDUCA\u00c7\u00c3O EM CI\u00caNCIAS E CRIATIVIDADE NA PROMO\u00c7\u00c3O DA EDUCA\u00c7\u00c3O PARA O DESENVOLVIMENTO SUSTENT\u00c1VEL\u201d, orientada por Ana V. Rodrigues (Universidade&hellip; <\/p>\n","protected":false},"author":1,"featured_media":0,"parent":8659,"menu_order":15,"comment_status":"closed","ping_status":"closed","template":"","meta":{"footnotes":""},"class_list":["post-8722","page","type-page","status-publish","hentry"],"_links":{"self":[{"href":"http:\/\/aia-cts.web.ua.pt\/index.php?rest_route=\/wp\/v2\/pages\/8722","targetHints":{"allow":["GET"]}}],"collection":[{"href":"http:\/\/aia-cts.web.ua.pt\/index.php?rest_route=\/wp\/v2\/pages"}],"about":[{"href":"http:\/\/aia-cts.web.ua.pt\/index.php?rest_route=\/wp\/v2\/types\/page"}],"author":[{"embeddable":true,"href":"http:\/\/aia-cts.web.ua.pt\/index.php?rest_route=\/wp\/v2\/users\/1"}],"replies":[{"embeddable":true,"href":"http:\/\/aia-cts.web.ua.pt\/index.php?rest_route=%2Fwp%2Fv2%2Fcomments&post=8722"}],"version-history":[{"count":2,"href":"http:\/\/aia-cts.web.ua.pt\/index.php?rest_route=\/wp\/v2\/pages\/8722\/revisions"}],"predecessor-version":[{"id":8731,"href":"http:\/\/aia-cts.web.ua.pt\/index.php?rest_route=\/wp\/v2\/pages\/8722\/revisions\/8731"}],"up":[{"embeddable":true,"href":"http:\/\/aia-cts.web.ua.pt\/index.php?rest_route=\/wp\/v2\/pages\/8659"}],"wp:attachment":[{"href":"http:\/\/aia-cts.web.ua.pt\/index.php?rest_route=%2Fwp%2Fv2%2Fmedia&parent=8722"}],"curies":[{"name":"wp","href":"https:\/\/api.w.org\/{rel}","templated":true}]}}