{"id":8803,"date":"2026-03-03T11:18:22","date_gmt":"2026-03-03T11:18:22","guid":{"rendered":"https:\/\/aia-cts.web.ua.pt\/?page_id=8803"},"modified":"2026-03-30T15:05:27","modified_gmt":"2026-03-30T14:05:27","slug":"boletin","status":"publish","type":"page","link":"http:\/\/aia-cts.web.ua.pt\/?page_id=8803&lang=es","title":{"rendered":"Bolet\u00edn"},"content":{"rendered":"\n<p><strong><a href=\"http:\/\/aia-cts.web.ua.pt\/wp-content\/uploads\/2026\/03\/Boletim_AIA_CTS_n24.pdf\">Bolet\u00edn de la AIA-CTS \u2013 Marzo de 2026 | n.\u00ba 24<\/a><\/strong><\/p>\n\n\n\n<p><strong><a href=\"http:\/\/aia-cts.web.ua.pt\/wp-content\/uploads\/2025\/09\/Boletim_AIA_CTS_n23.pdf\" target=\"_blank\" rel=\"noreferrer noopener\">Bolet\u00edn de la AIA-CTS \u2013 Septiembre de 2025 | n.\u00ba 23<\/a><\/strong><\/p>\n\n\n\n<p><strong><a href=\"http:\/\/aia-cts.web.ua.pt\/wp-content\/uploads\/2025\/03\/Boletim_AIA_CTS_n22.pdf\" target=\"_blank\" rel=\"noreferrer noopener\">Bolet\u00edn de la AIA-CTS \u2013 Marzo de 2025 | n.\u00ba 22<\/a><\/strong><\/p>\n\n\n\n<p><strong><a href=\"http:\/\/aia-cts.web.ua.pt\/wp-content\/uploads\/2024\/09\/Boletim_AIA_CTS_n21.pdf\" target=\"_blank\" rel=\"noreferrer noopener\">Bolet\u00edn de la AIA-CTS \u2013 Septiembre de 2024 | n.\u00ba 21<\/a><\/strong><\/p>\n\n\n\n<p><a rel=\"noopener\" href=\"http:\/\/aia-cts.web.ua.pt\/wp-content\/uploads\/2024\/03\/Boletim_AIA_CTS_n20.pdf\" target=\"_blank\"><strong>Bolet\u00edn de la AIA-CTS \u2013 Marzo de 2024 | n.\u00ba 20<\/strong><\/a><\/p>\n\n\n\n<p><a href=\"http:\/\/aia-cts.web.ua.pt\/wp-content\/uploads\/2023\/09\/Boletim_AIA_CTS_n19.pdf\" target=\"_blank\" rel=\"noreferrer noopener\"><strong>Bolet\u00edn de la AIA-CTS \u2013 Septiembre de 202<\/strong><\/a><a href=\"http:\/\/aia-cts.web.ua.pt\/wp-content\/uploads\/2023\/09\/Boletim_AIA_CTS_n19.pdf\" target=\"_blank\" rel=\"noreferrer noopener\"><strong>3<\/strong><\/a><a href=\"http:\/\/aia-cts.web.ua.pt\/wp-content\/uploads\/2023\/09\/Boletim_AIA_CTS_n19.pdf\" target=\"_blank\" rel=\"noreferrer noopener\"><strong>&nbsp;| n.\u00ba 19<\/strong><\/a><\/p>\n\n\n\n<p><a href=\"http:\/\/aia-cts.web.ua.pt\/wp-content\/uploads\/2023\/03\/Boletim_AIA_CTS_n18.pdf\" target=\"_blank\" rel=\"noopener\"><strong>Bolet\u00edn de la AIA-CTS \u2013 Marzo de 2023 | n.\u00ba 18<\/strong><\/a><\/p>\n\n\n\n<p><strong><a href=\"http:\/\/aia-cts.web.ua.pt\/wp-content\/uploads\/2022\/09\/Boletim_AIA_CTS_n17.pdf\" target=\"_blank\" rel=\"noreferrer noopener\" data-rich-text-format-boundary=\"true\">Bolet\u00edn de la AIA-CTS \u2013 Septiembre de 2022 | n.\u00ba 17<\/a><\/strong><\/p>\n\n\n\n<p><a href=\"http:\/\/aia-cts.web.ua.pt\/wp-content\/uploads\/2022\/03\/Boletim_AIA_CTS_n16.pdf\" target=\"_blank\" rel=\"noopener\"><strong>Bolet\u00edn de la AIA-CTS \u2013 Marzo de 2022 | n.\u00ba 16<\/strong><\/a><\/p>\n\n\n\n<p><strong><a href=\"http:\/\/aia-cts.web.ua.pt\/wp-content\/uploads\/2021\/09\/AIA_CTS_Boletim_n15.pdf\" target=\"_blank\" rel=\"noreferrer noopener\">Bolet\u00edn de la AIA-CTS \u2013 Septiembre de 2021 | n.\u00ba 15<\/a><\/strong><\/p>\n\n\n\n<p><strong><a href=\"http:\/\/aia-cts.web.ua.pt\/wp-content\/uploads\/2021\/03\/Boletim_AIA_CTS_n14.pdf\" target=\"_blank\" rel=\"noreferrer noopener\" data-rich-text-format-boundary=\"true\">Bolet\u00edn de la AIA-CTS \u2013 Marzo de 2021 | n.\u00ba 14<\/a><\/strong><\/p>\n\n\n\n<p><a href=\"http:\/\/aia-cts.web.ua.pt\/wp-content\/uploads\/2020\/09\/AIA_CTS_Boletim13.pdf\" target=\"_blank\" rel=\"noreferrer noopener\"><strong>Bolet\u00edn de la AIA-CTS \u2013 Septiembre de 2020 | n.\u00ba 13<\/strong><\/a><\/p>\n\n\n\n<p><a href=\"http:\/\/aia-cts.web.ua.pt\/wp-content\/uploads\/2020\/06\/AIA-CTS_Boletim12especial.pdf\" target=\"_blank\" rel=\"noreferrer noopener\"><strong>Bolet\u00edn de la AIA-CTS \u2013 Junio de 2020 | n.\u00ba 12<\/strong><\/a><br>Edici\u00f3n especial conmemorando los 20 a\u00f1os de Seminarios Ib\u00e9ricos\/Iberoamericanos CTS<\/p>\n\n\n\n<p><a href=\"http:\/\/aia-cts.web.ua.pt\/wp-content\/uploads\/2020\/03\/AIA-CTS_Boletim11.pdf\" target=\"_blank\" rel=\"noopener noreferrer\"><strong>Bolet\u00edn de la AIA-CTS &#8211; Marzo de 2020 | n.\u00ba11<\/strong><\/a><\/p>\n\n\n\n<p><a href=\"http:\/\/aia-cts.web.ua.pt\/wp-content\/uploads\/2019\/09\/AIA-CTS_Boletim10.pdf\" target=\"_blank\" rel=\"noopener noreferrer\"><strong>Bolet\u00edn de la AIA-CTS &#8211; Septiembre de 2019 | n.\u00ba 10<\/strong><\/a><\/p>\n\n\n\n<p><strong><a href=\"http:\/\/aia-cts.web.ua.pt\/wp-content\/uploads\/2019\/04\/AIA-CTS_Boletim09.pdf\" target=\"_blank\" rel=\"noopener noreferrer\">Bolet\u00edn de la AIA-CTS &#8211; Marzo de 2019 | n.\u00ba09<\/a><\/strong><\/p>\n\n\n\n<p><a href=\"http:\/\/aia-cts.web.ua.pt\/wp-content\/uploads\/2018\/09\/AIA-CTS_Boletim08.pdf\" target=\"_blank\" rel=\"noopener noreferrer\"><strong>Bolet\u00edn de la AIA-CTS &#8211; Septiembre de 2018 | n\u00ba 08<\/strong><\/a><\/p>\n\n\n\n<p><strong><a href=\"http:\/\/aia-cts.web.ua.pt\/wp-content\/uploads\/2018\/03\/AIA-CTS_Boletim07.pdf\" target=\"_blank\" rel=\"noopener noreferrer\">Bolet\u00edn de la AIA-CTS &#8211; Marzo de 2018 | n.\u00ba07<\/a><\/strong><\/p>\n\n\n\n<p><strong><a href=\"http:\/\/aia-cts.web.ua.pt\/wp-content\/uploads\/2015\/03\/AIA-CTS_Boletim06.pdf\" target=\"_blank\" rel=\"noopener noreferrer\">Bolet\u00edn de la AIA-CTS &#8211; Septiembre de 2017 | n\u00ba 06<\/a><\/strong><\/p>\n\n\n\n<p><strong><a href=\"http:\/\/aia-cts.web.ua.pt\/wp-content\/uploads\/2017\/03\/AIA-CTS_Boletim05.pdf\" target=\"_blank\" rel=\"noopener noreferrer\">Bolet\u00edn de la AIA-CTS &#8211; Marzo de 2017 | n.\u00ba05<\/a><\/strong><\/p>\n\n\n\n<p><strong><a href=\"http:\/\/aia-cts.web.ua.pt\/wp-content\/uploads\/2016\/09\/AIA-CTS_Boletim041.pdf\" target=\"_blank\" rel=\"noopener noreferrer\">Bolet\u00edn de la AIA-CTS &#8211; Septiembre de 2016 | n.\u00ba04<\/a><\/strong><\/p>\n\n\n\n<p><strong><a href=\"http:\/\/aia-cts.web.ua.pt\/wp-content\/uploads\/2015\/03\/AIA-CTS_Boletim_03.pdf\" target=\"_blank\" rel=\"noopener noreferrer\">Bolet\u00edn de la AIA-CTS &#8211; Marzo de 2016 | n.\u00ba03<\/a><\/strong><\/p>\n\n\n\n<p><a href=\"http:\/\/aia-cts.web.ua.pt\/wp-content\/uploads\/2015\/09\/AIA-CTS_Boletim_n2.pdf\" target=\"_blank\" rel=\"noopener noreferrer\"><strong>Bolet\u00edn de la AIA-CTS &#8211; Septiembre de 2015 | n.\u00ba02<\/strong><\/a><\/p>\n\n\n\n<p><strong><a href=\"http:\/\/aia-cts.web.ua.pt\/wp-content\/uploads\/2015\/03\/AIA-CTS_Boletim_n1_V4.pdf\">Bolet\u00edn de la AIA-CTS &#8211; Marzo de 2015 | n.\u00ba01<\/a><\/strong><\/p>\n","protected":false},"excerpt":{"rendered":"<p>Bolet\u00edn de la AIA-CTS \u2013 Marzo de 2026 | n.\u00ba 24 Bolet\u00edn de la AIA-CTS \u2013 Septiembre de 2025 | n.\u00ba 23 Bolet\u00edn de la AIA-CTS \u2013 Marzo de 2025 | n.\u00ba 22 Bolet\u00edn de la AIA-CTS \u2013 Septiembre de&hellip; <\/p>\n","protected":false},"author":1,"featured_media":8918,"parent":0,"menu_order":19,"comment_status":"open","ping_status":"closed","template":"","meta":{"footnotes":""},"class_list":["post-8803","page","type-page","status-publish","has-post-thumbnail","hentry"],"_links":{"self":[{"href":"http:\/\/aia-cts.web.ua.pt\/index.php?rest_route=\/wp\/v2\/pages\/8803","targetHints":{"allow":["GET"]}}],"collection":[{"href":"http:\/\/aia-cts.web.ua.pt\/index.php?rest_route=\/wp\/v2\/pages"}],"about":[{"href":"http:\/\/aia-cts.web.ua.pt\/index.php?rest_route=\/wp\/v2\/types\/page"}],"author":[{"embeddable":true,"href":"http:\/\/aia-cts.web.ua.pt\/index.php?rest_route=\/wp\/v2\/users\/1"}],"replies":[{"embeddable":true,"href":"http:\/\/aia-cts.web.ua.pt\/index.php?rest_route=%2Fwp%2Fv2%2Fcomments&post=8803"}],"version-history":[{"count":3,"href":"http:\/\/aia-cts.web.ua.pt\/index.php?rest_route=\/wp\/v2\/pages\/8803\/revisions"}],"predecessor-version":[{"id":8921,"href":"http:\/\/aia-cts.web.ua.pt\/index.php?rest_route=\/wp\/v2\/pages\/8803\/revisions\/8921"}],"wp:featuredmedia":[{"embeddable":true,"href":"http:\/\/aia-cts.web.ua.pt\/index.php?rest_route=\/wp\/v2\/media\/8918"}],"wp:attachment":[{"href":"http:\/\/aia-cts.web.ua.pt\/index.php?rest_route=%2Fwp%2Fv2%2Fmedia&parent=8803"}],"curies":[{"name":"wp","href":"https:\/\/api.w.org\/{rel}","templated":true}]}}