{"id":8398,"date":"2026-03-02T14:40:46","date_gmt":"2026-03-02T14:40:46","guid":{"rendered":"https:\/\/aia-cts.web.ua.pt\/?page_id=8398"},"modified":"2026-03-03T10:16:53","modified_gmt":"2026-03-03T10:16:53","slug":"objetivos","status":"publish","type":"page","link":"https:\/\/aia-cts.web.ua.pt\/?page_id=8398&lang=es","title":{"rendered":"Objetivos"},"content":{"rendered":"\n<ul class=\"wp-block-list\">\n<li>Promover, a trav\u00e9s de conferencias y seminarios, el encuentro de cient\u00edficos de toda la Pen\u00ednsula Ib\u00e9rica y Am\u00e9rica Latina que tengan trabajos relacionados y relevantes para los objetivos de la Asociaci\u00f3n;<\/li>\n\n\n\n<li>Fomentar y apoyar la investigaci\u00f3n te\u00f3rica y experimental y su aplicaci\u00f3n pr\u00e1ctica;<\/li>\n\n\n\n<li>Promover el intercambio de cient\u00edficos en los \u00e1mbitos relacionados con los objetivos de la Asociaci\u00f3n;<\/li>\n\n\n\n<li>Planificar o promover la realizaci\u00f3n de exposiciones, reuniones, conferencias, cursos y seminarios;<\/li>\n\n\n\n<li>Recoger y difundir informaci\u00f3n relacionada con los objetivos de la Asociaci\u00f3n y fomentar el intercambio de dicha informaci\u00f3n con otras asociaciones de objetivos y actividades similares, situadas en Europa o en Am\u00e9rica Latina;<\/li>\n\n\n\n<li>Publicar y distribuir art\u00edculos cient\u00edficos, folletos u otros documentos para promover los objetivos de la Asociaci\u00f3n.<\/li>\n<\/ul>\n\n\n\n<p><a href=\"http:\/\/aia-cts.web.ua.pt\/wp-content\/uploads\/2026\/03\/protocolo-AIA_CIDTFF0001.pdf\" data-type=\"link\" data-id=\"http:\/\/aia-cts.web.ua.pt\/wp-content\/uploads\/2026\/03\/protocolo-AIA_CIDTFF0001.pdf\" target=\"_blank\" rel=\"noreferrer noopener\">Protocolo AIA-CTS e CIDTFF<\/a><\/p>\n\n\n\n<p><a href=\"http:\/\/aia-cts.web.ua.pt\/wp-content\/uploads\/2013\/05\/Smfp-km-10315112613200.pdf\" target=\"_blank\" rel=\"noreferrer noopener\">Protocolo AIA-CTS e Collegi de Llicenciats de Catalu\u00f1a<\/a><\/p>\n\n\n\n<p><a href=\"http:\/\/aia-cts.web.ua.pt\/wp-content\/uploads\/2018\/05\/PROTOCOLO-OEI_AIA-CTS.pdf\" target=\"_blank\" rel=\"noreferrer noopener\">Protocolo AIA-CTS e OEI<\/a><\/p>\n\n\n<div id=\"metaslider-id-1852\" style=\"max-width: 560px;\" class=\"ml-slider-3-107-0 metaslider metaslider-nivo metaslider-1852 ml-slider ms-theme-default\" role=\"region\" aria-label=\"Protocolo AIA-CTS e OEI\" data-height=\"305\" data-width=\"560\">\n    <div id=\"metaslider_container_1852\">\n        <div class='slider-wrapper theme-default'><div class='ribbon'><\/div><div id='metaslider_1852' class='nivoSlider'><img loading=\"lazy\" decoding=\"async\" src=\"https:\/\/aia-cts.web.ua.pt\/wp-content\/uploads\/2018\/05\/IMG_0343-560x305.jpg\" height=\"305\" width=\"560\" data-caption=\"Presidente da AIA-CTS, Professora Isabel P. Martins, e Diretora do Escrit&oacute;rio da OEI em Portugal, Professora Ana Paula Laborinho.\" alt=\"\" class=\"slider-1852 slide-1873 msDefaultImage\" \/><img loading=\"lazy\" decoding=\"async\" src=\"https:\/\/aia-cts.web.ua.pt\/wp-content\/uploads\/2018\/05\/IMG_0351-560x305.jpg\" height=\"305\" width=\"560\" data-caption=\"Presidente da AIA-CTS, Professora Isabel P. Martins, e Diretora do Escrit&oacute;rio da OEI em Portugal, Professora Ana Paula Laborinho.\" alt=\"\" class=\"slider-1852 slide-1876 msDefaultImage\" \/><\/div><\/div>\n        \n    <\/div>\n<\/div>\n","protected":false},"excerpt":{"rendered":"<p>Protocolo AIA-CTS e CIDTFF Protocolo AIA-CTS e Collegi de Llicenciats de Catalu\u00f1a Protocolo AIA-CTS e OEI<\/p>\n","protected":false},"author":1,"featured_media":1891,"parent":8362,"menu_order":2,"comment_status":"open","ping_status":"closed","template":"","meta":{"footnotes":""},"class_list":["post-8398","page","type-page","status-publish","has-post-thumbnail","hentry"],"_links":{"self":[{"href":"https:\/\/aia-cts.web.ua.pt\/index.php?rest_route=\/wp\/v2\/pages\/8398","targetHints":{"allow":["GET"]}}],"collection":[{"href":"https:\/\/aia-cts.web.ua.pt\/index.php?rest_route=\/wp\/v2\/pages"}],"about":[{"href":"https:\/\/aia-cts.web.ua.pt\/index.php?rest_route=\/wp\/v2\/types\/page"}],"author":[{"embeddable":true,"href":"https:\/\/aia-cts.web.ua.pt\/index.php?rest_route=\/wp\/v2\/users\/1"}],"replies":[{"embeddable":true,"href":"https:\/\/aia-cts.web.ua.pt\/index.php?rest_route=%2Fwp%2Fv2%2Fcomments&post=8398"}],"version-history":[{"count":3,"href":"https:\/\/aia-cts.web.ua.pt\/index.php?rest_route=\/wp\/v2\/pages\/8398\/revisions"}],"predecessor-version":[{"id":8419,"href":"https:\/\/aia-cts.web.ua.pt\/index.php?rest_route=\/wp\/v2\/pages\/8398\/revisions\/8419"}],"up":[{"embeddable":true,"href":"https:\/\/aia-cts.web.ua.pt\/index.php?rest_route=\/wp\/v2\/pages\/8362"}],"wp:featuredmedia":[{"embeddable":true,"href":"https:\/\/aia-cts.web.ua.pt\/index.php?rest_route=\/wp\/v2\/media\/1891"}],"wp:attachment":[{"href":"https:\/\/aia-cts.web.ua.pt\/index.php?rest_route=%2Fwp%2Fv2%2Fmedia&parent=8398"}],"curies":[{"name":"wp","href":"https:\/\/api.w.org\/{rel}","templated":true}]}}