{"id":8494,"date":"2026-03-02T15:02:16","date_gmt":"2026-03-02T15:02:16","guid":{"rendered":"https:\/\/aia-cts.web.ua.pt\/?page_id=8494"},"modified":"2026-04-14T14:40:05","modified_gmt":"2026-04-14T13:40:05","slug":"asociados-2","status":"publish","type":"page","link":"https:\/\/aia-cts.web.ua.pt\/?page_id=8494&lang=es","title":{"rendered":"Asociados"},"content":{"rendered":"<div class=\"wp-block-image\">\n<figure class=\"aligncenter size-large\"><img loading=\"lazy\" decoding=\"async\" width=\"1024\" height=\"684\" src=\"http:\/\/aia-cts.web.ua.pt\/wp-content\/uploads\/2026\/03\/20260227_grafico-associados-ES-1024x684.png\" alt=\"\" class=\"wp-image-8476\" srcset=\"https:\/\/aia-cts.web.ua.pt\/wp-content\/uploads\/2026\/03\/20260227_grafico-associados-ES-1024x684.png 1024w, https:\/\/aia-cts.web.ua.pt\/wp-content\/uploads\/2026\/03\/20260227_grafico-associados-ES-300x200.png 300w, https:\/\/aia-cts.web.ua.pt\/wp-content\/uploads\/2026\/03\/20260227_grafico-associados-ES-768x513.png 768w, https:\/\/aia-cts.web.ua.pt\/wp-content\/uploads\/2026\/03\/20260227_grafico-associados-ES-1536x1026.png 1536w, https:\/\/aia-cts.web.ua.pt\/wp-content\/uploads\/2026\/03\/20260227_grafico-associados-ES-2048x1368.png 2048w\" sizes=\"auto, (max-width: 1024px) 100vw, 1024px\" \/><\/figure>\n<\/div>\n\n\n<p class=\"has-text-align-center\"><\/p>\n\n\n\n<figure class=\"wp-block-table\"><table class=\"has-fixed-layout\"><tbody><tr><td>N\u00ba de asociado<\/td><td>Nombre completo<\/td><td>Pa\u00eds<\/td><\/tr><tr><td>149<\/td><td>Adalberon Moreira de Lima Filho<\/td><td>Brasil<\/td><\/tr><tr><td>11<\/td><td>Alcina Maria Parracho Mendes<\/td><td>Portugal<\/td><\/tr><tr><td>336<\/td><td>Alejandra Ram\u00edrez Segado<\/td><td>Espa\u00f1a<\/td><\/tr><tr><td>230<\/td><td>Alicia Benarroch<\/td><td>Espa\u00f1a<\/td><\/tr><tr><td>65<\/td><td>Alvaro Chrispino<\/td><td>Brasil<\/td><\/tr><tr><td>58<\/td><td>Amparo Hurtado Soler<\/td><td>Espa\u00f1a<\/td><\/tr><tr><td>3<\/td><td>Amparo Vilches<\/td><td>Espa\u00f1a<\/td><\/tr><tr><td>23<\/td><td>Ana Alexandra Valente Rodrigues<\/td><td>Portugal<\/td><\/tr><tr><td>263<\/td><td>Ana Carolina Morgado Ferreira de Frias<\/td><td>Portugal<\/td><\/tr><tr><td>72<\/td><td>Ana Cristina de Castro Torres<\/td><td>Portugal<\/td><\/tr><tr><td>347<\/td><td>Ana Francisca de Bastos Ferreira<\/td><td>Portugal<\/td><\/tr><tr><td>112<\/td><td>Ana Maria Coelho de Almeida Peixoto<\/td><td>Portugal<\/td><\/tr><tr><td>84<\/td><td>Ana O\u00f1orbe de Torre [F]<\/td><td>Espa\u00f1a<\/td><\/tr><tr><td>192<\/td><td>Ana Sofia Barbosa de Sousa<\/td><td>Portugal<\/td><\/tr><tr><td>325<\/td><td>Ana Sofia Martins Silva Freire dos Santos Raposo<\/td><td>Portugal<\/td><\/tr><tr><td>90<\/td><td>Andoni Garritz-Ruiz [F]<\/td><td>M\u00e9xico<\/td><\/tr><tr><td>331<\/td><td>Andr\u00e9 Gomes Vieira<\/td><td>Brasil<\/td><\/tr><tr><td>194<\/td><td>\u00c1ngel Blanco L\u00f3pez<\/td><td>Espa\u00f1a<\/td><\/tr><tr><td>113<\/td><td>Angel Vazquez Alonso<\/td><td>Espa\u00f1a<\/td><\/tr><tr><td>346<\/td><td>Angela Daiane de Lima Rodrigues<\/td><td>Brasil<\/td><\/tr><tr><td>118<\/td><td>\u00c2ngelo Eduardo Rodrigues Ferreira<\/td><td>Portugal<\/td><\/tr><tr><td>249<\/td><td>Anna Maria Geli de Ciurana<\/td><td>Espa\u00f1a<\/td><\/tr><tr><td>49<\/td><td>Ant\u00f3nio Augusto Soares de Andrade<\/td><td>Portugal<\/td><\/tr><tr><td>120<\/td><td>Antonio Donizetti Sgarbi<\/td><td>Brasil<\/td><\/tr><tr><td>85<\/td><td>Ant\u00f3nio Francisco Carrelhas Cachapuz<\/td><td>Portugal<\/td><\/tr><tr><td>103<\/td><td>Ant\u00f3nio Jos\u00e9 dos Santos Neto [F]<\/td><td>Portugal<\/td><\/tr><tr><td>104<\/td><td>Ant\u00f3nio Jos\u00e9 Martins Alves Ferreira<\/td><td>Portugal<\/td><\/tr><tr><td>206<\/td><td>Antonio Mateos<\/td><td>Espa\u00f1a<\/td><\/tr><tr><td>82<\/td><td>Ant\u00f3nio Pedro Barbot Gon\u00e7alves da Silva<\/td><td>Portugal<\/td><\/tr><tr><td>10<\/td><td>Aureli Caama\u00f1o Ros<\/td><td>Espa\u00f1a<\/td><\/tr><tr><td>31<\/td><td>Betina Lopes<\/td><td>Portugal<\/td><\/tr><tr><td>98<\/td><td>Blanca Puig Mauriz<\/td><td>Espa\u00f1a<\/td><\/tr><tr><td>215<\/td><td>Carina Emanuel Mendes Centeno<\/td><td>Portugal<\/td><\/tr><tr><td>190<\/td><td>Carla Patr\u00edcia Martins Gon\u00e7alves<\/td><td>Portugal<\/td><\/tr><tr><td>71<\/td><td>Carla Susana Lopes Morais<\/td><td>Portugal<\/td><\/tr><tr><td>170<\/td><td>Carlos Augusto Osorio Marulanda<\/td><td>Colombia<\/td><\/tr><tr><td>278<\/td><td>Carmen Roselaine de Oliveira Farias<\/td><td>Brasil<\/td><\/tr><tr><td>343<\/td><td>Catarina Sofia Cola\u00e7o Martins<\/td><td>Portugal<\/td><\/tr><tr><td>67<\/td><td>Cec\u00edlia Galv\u00e3o Couto<\/td><td>Portugal<\/td><\/tr><tr><td>16<\/td><td>Cec\u00edlia Vieira Guerra<\/td><td>Portugal<\/td><\/tr><tr><td>196<\/td><td>Clara Maria da Silva de Vasconcelos<\/td><td>Portugal<\/td><\/tr><tr><td>241<\/td><td>Cl\u00e1udia Avellar Freitas<\/td><td>Brasil<\/td><\/tr><tr><td>210<\/td><td>Cl\u00e1udia Barreiros Macedo de Faria<\/td><td>Portugal<\/td><\/tr><tr><td>349<\/td><td>Cristiane Rodrigues Vieira<\/td><td>Brasil<\/td><\/tr><tr><td>340<\/td><td>Cl\u00e1udia Dias Ferreira<\/td><td>Portugal<\/td><\/tr><tr><td>220<\/td><td>Damian Alberto Lampert<\/td><td>Argentina<\/td><\/tr><tr><td>19<\/td><td>Daniel Gil-P\u00e9rez<\/td><td>Espa\u00f1a<\/td><\/tr><tr><td>183<\/td><td>Denise Ana Augusta dos Santos Oliveira<\/td><td>Brasil<\/td><\/tr><tr><td>199<\/td><td>Denise Freitas<\/td><td>Brasil<\/td><\/tr><tr><td>138<\/td><td>Deusivaldo Aguiar Santos<\/td><td>Brasil<\/td><\/tr><tr><td>169<\/td><td>Diana Lineth Parga Lozano<\/td><td>Colombia<\/td><\/tr><tr><td>303<\/td><td>Diana Rita Carvalho Soares<\/td><td>Portugal<\/td><\/tr><tr><td>284<\/td><td>Dioginys Cesar Felix de Lima<\/td><td>Brasil<\/td><\/tr><tr><td>37<\/td><td>Dorinda Henriques Valente Rebelo<\/td><td>Portugal<\/td><\/tr><tr><td>269<\/td><td>Dulce Manuel Cruz Henriques de Lima<\/td><td>Portugal<\/td><\/tr><tr><td>247<\/td><td>Dulce Mar\u00eda L\u00f3pez Valent\u00edn<\/td><td>M\u00e9xico<\/td><\/tr><tr><td>193<\/td><td>Dulce Maria Sim\u00f5es dos Santos Vaz<\/td><td>Portugal<\/td><\/tr><tr><td>296<\/td><td>Edith Gon\u00e7alves Costa<\/td><td>Brasil<\/td><\/tr><tr><td>279<\/td><td>Elienae Gen\u00e9sia Corr\u00eaa Pereira<\/td><td>Brasil<\/td><\/tr><tr><td>237<\/td><td>Elisabete Linhares Manzoni de Sequeira<\/td><td>Portugal<\/td><\/tr><tr><td>282<\/td><td> Elisangela Barreto Santana<\/td><td>Brasil<\/td><\/tr><tr><td>56<\/td><td>Emilio Pedrinaci Rodriguez [F]<\/td><td>Espa\u00f1a<\/td><\/tr><tr><td>155<\/td><td>Eniz Concei\u00e7\u00e3o Oliveira<\/td><td>Brasil<\/td><\/tr><tr><td>223<\/td><td>Erika Louise Branco Ribeiro<\/td><td>Brasil<\/td><\/tr><tr><td>291<\/td><td>Everton Joventino da Silva<\/td><td>Brasil<\/td><\/tr><tr><td>227<\/td><td>F\u00e1bio Augusto Rodrigues e Silva<\/td><td>Brasil<\/td><\/tr><tr><td>64<\/td><td>F\u00e1tima Regina Duarte Gouveia Fernandes Jorge<\/td><td>Portugal<\/td><\/tr><tr><td>327<\/td><td>Florentina Ca\u00f1ada Ca\u00f1ada<\/td><td>Espa\u00f1a<\/td><\/tr><tr><td>69<\/td><td>Francisl\u00ea Neri de Souza<\/td><td>Brasil<\/td><\/tr><tr><td>35<\/td><td>Gisela Hern\u00e1ndez Mill\u00e1n [F]<\/td><td>M\u00e9xico<\/td><\/tr><tr><td>246<\/td><td>Gra\u00e7a Sim\u00f5es de Carvalho<\/td><td>Portugal<\/td><\/tr><tr><td>89<\/td><td>Helena Margarida Lu\u00eds Ramos Tom\u00e1s<\/td><td>Portugal<\/td><\/tr><tr><td>153<\/td><td>Helena Maria Espada Sim\u00f5es<\/td><td>Portugal<\/td><\/tr><tr><td>321<\/td><td>Hugo Miguel de Jesus Oliveira<\/td><td>Portugal<\/td><\/tr><tr><td>204<\/td><td>Ignacio Garc\u00eda Ferrandis<\/td><td>Espa\u00f1a<\/td><\/tr><tr><td>97<\/td><td>Isabel Maria Cabrita dos Reis Pires Pereira<\/td><td>Portugal<\/td><\/tr><tr><td>45<\/td><td>Isabel Maria Coelho de Oliveira Malaquias<\/td><td>Portugal<\/td><\/tr><tr><td>273<\/td><td>Isabel Maria Teixeira<\/td><td>Portugal<\/td><\/tr><tr><td>87<\/td><td>Isabel Sofia Godinho da Silva Rebelo<\/td><td>Portugal<\/td><\/tr><tr><td>167<\/td><td>Jaime Delgado Iglesias<\/td><td>Espa\u00f1a<\/td><\/tr><tr><td>221<\/td><td>Javier Sancho \u00dabeda<\/td><td>Espa\u00f1a<\/td><\/tr><tr><td>265<\/td><td>Jean Louis Landim Vilela<\/td><td>Brasil<\/td><\/tr><tr><td>124<\/td><td>Joana Isabel Pinheiro Peixinho<\/td><td>Portugal<\/td><\/tr><tr><td>200<\/td><td>Jo\u00e3o Ant\u00f3nio Baptista Pereira de Oliveira<\/td><td>Portugal<\/td><\/tr><tr><td>330<\/td><td>Jo\u00e3o Ferreira-Santos<\/td><td>Portugal<\/td><\/tr><tr><td>213<\/td><td>Jo\u00e3o Jos\u00e9 F\u00e9lix Marnoto Praia<\/td><td>Portugal<\/td><\/tr><tr><td>52<\/td><td>Joaquim Bernardino Lopes<\/td><td>Portugal<\/td><\/tr><tr><td>121<\/td><td>Joaquim Fernando Mendes da Silva<\/td><td>Brasil<\/td><\/tr><tr><td>50<\/td><td>Jorge Manuel Rodrigues Bonito<\/td><td>Portugal<\/td><\/tr><tr><td>271<\/td><td>Jos\u00e9 Alexandre Berto<\/td><td>Brasil<\/td><\/tr><tr><td>236<\/td><td>Jos\u00e9 Alexandre da Silva Pinto<\/td><td>Portugal<\/td><\/tr><tr><td>144<\/td><td>Jos\u00e9 Ant\u00f3nio Vieira da Silva Contente<\/td><td>Portugal<\/td><\/tr><tr><td>25<\/td><td>Jos\u00e9 Cant\u00f3 Dom\u00e9nech<\/td><td>Espa\u00f1a<\/td><\/tr><tr><td>165<\/td><td>Jos\u00e9 de Pinho Alves Filho [F]<\/td><td>Brasil<\/td><\/tr><tr><td>320<\/td><td>Jos\u00e9 Lu\u00eds da Silva Ara\u00fajo<\/td><td>Portugal<\/td><\/tr><tr><td>122<\/td><td>Jos\u00e9 Lu\u00eds de Jesus Coelho da Silva<\/td><td>Portugal<\/td><\/tr><tr><td>70<\/td><td>Jos\u00e9 Mar\u00eda Oliva Mart\u00ednez<\/td><td>Espa\u00f1a<\/td><\/tr><tr><td>32<\/td><td>Josefina Guitart Mas<\/td><td>Espa\u00f1a<\/td><\/tr><tr><td>161<\/td><td>Juan Carlos Toscano Grimaldi<\/td><td>Ecuador<\/td><\/tr><tr><td>242<\/td><td>Juan-Francisco \u00c1lvarez-Herrero<\/td><td>Espa\u00f1a<\/td><\/tr><tr><td>176<\/td><td>Laura Mascarell Borreda<\/td><td>Espa\u00f1a<\/td><\/tr><tr><td>43<\/td><td>Laurinda Sousa Ferreira Leite<\/td><td>Portugal<\/td><\/tr><tr><td>328<\/td><td>Leandro Duso<\/td><td>Brasil<\/td><\/tr><tr><td>338<\/td><td>Leonardo Andr\u00e9s Pinz\u00f3n Casta\u00f1o<\/td><td>Colombia<\/td><\/tr><tr><td>267<\/td><td>Leonardo Baltazar Cantanhede<\/td><td>Brasil<\/td><\/tr><tr><td>29<\/td><td>Leonardo Fabio Mart\u00ednez P\u00e9rez<\/td><td>Colombia<\/td><\/tr><tr><td>329<\/td><td>Leonir Lorenzetti<\/td><td>Brasil<\/td><\/tr><tr><td>168<\/td><td>Licurgo Peixoto de Brito [F]<\/td><td>Brasil<\/td><\/tr><tr><td>262<\/td><td>L\u00eddia Dalgallo<\/td><td>Brasil<\/td><\/tr><tr><td>310<\/td><td>L\u00edgia Cibele Malavolta de Los Rios Lopes<\/td><td>Portugal<\/td><\/tr><tr><td>224<\/td><td>L\u00facia Maria Teixeira Pombo<\/td><td>Portugal<\/td><\/tr><tr><td>253<\/td><td>Luciano Fernandes Silva<\/td><td>Brasil<\/td><\/tr><tr><td>339<\/td><td>Lu\u00eds Filipe Torres Moreira<\/td><td>Portugal<\/td><\/tr><tr><td>307<\/td><td>Luis Gonzaga Pereira Dourado<\/td><td>Portugal<\/td><\/tr><tr><td>42<\/td><td>Luis Manuel Ferreira Marques<\/td><td>Portugal<\/td><\/tr><tr><td>345<\/td><td>Lu\u00edsa Maria dos Santos Carvalho<\/td><td>Portugal<\/td><\/tr><tr><td>142<\/td><td>M. \u00c0ngels Ull Sol\u00eds<\/td><td>Espa\u00f1a<\/td><\/tr><tr><td>83<\/td><td>Mafalda Mendes Nunes Vaz<\/td><td>Portugal<\/td><\/tr><tr><td>55<\/td><td>Magn\u00f3lia Fernande Flor\u00eancio de Ara\u00fajo<\/td><td>Brasil<\/td><\/tr><tr><td>344<\/td><td>Manoel Augusto Polastreli Barbosa<\/td><td>Brasil<\/td><\/tr><tr><td>333<\/td><td>Marcela de Moraes Agudo<\/td><td>Brasil<\/td><\/tr><tr><td>276<\/td><td>Marcelo Bruno Ara\u00fajo Queiroz<\/td><td>Brasil<\/td><\/tr><tr><td>134<\/td><td>Margarida do Ros\u00e1rio Domingos Terra\u00e7o Figueiredo<\/td><td>Portugal<\/td><\/tr><tr><td>44<\/td><td>Margarida Maria Monteiro Morgado<\/td><td>Portugal<\/td><\/tr><tr><td>244<\/td><td>Margarida Morais Marques<\/td><td>Portugal<\/td><\/tr><tr><td>323<\/td><td>Margarida Rocha Lucas<\/td><td>Portugal<\/td><\/tr><tr><td>12<\/td><td>Maria Arminda Pedrosa e Silva Carvalho<\/td><td>Portugal<\/td><\/tr><tr><td>211<\/td><td>Mar\u00eda Calero Llinares<\/td><td>Espa\u00f1a<\/td><\/tr><tr><td>229<\/td><td>Maria Cec\u00edlia Rosas Pereira Peixoto da Costa<\/td><td>Portugal<\/td><\/tr><tr><td>7<\/td><td>Maria Celina Cardoso Tenreiro Vieira<\/td><td>Portugal<\/td><\/tr><tr><td>33<\/td><td>Maria Concei\u00e7\u00e3o Ferreira Figueiredo Costa<\/td><td>Portugal<\/td><\/tr><tr><td>274<\/td><td>Maria Cristina Pansera de Ara\u00fajo<\/td><td>Brasil<\/td><\/tr><tr><td>319<\/td><td>Maria da Concei\u00e7\u00e3o Abreu Nunes de Almeida Vi\u00e7oso Reis Vidigal<\/td><td>Portugal<\/td><\/tr><tr><td>335<\/td><td>Maria das Gra\u00e7as Ferreira Lobino<\/td><td>Brasil<\/td><\/tr><tr><td>9<\/td><td>Maria de F\u00e1tima Carmona Sim\u00f5es da Paix\u00e3o<\/td><td>Portugal<\/td><\/tr><tr><td>240<\/td><td>Maria del Carmen Acebal Exposito<\/td><td>It\u00e1lia<\/td><\/tr><tr><td>306<\/td><td>Mar\u00eda del Mar L\u00f3pez-Fern\u00e1ndez<\/td><td>Espa\u00f1a<\/td><\/tr><tr><td>14<\/td><td>Maria Delourdes Maciel<\/td><td>Brasil<\/td><\/tr><tr><td>63<\/td><td>Maria Eduarda Rev\u00e9s Roque Cunha Ferreira<\/td><td>Portugal<\/td><\/tr><tr><td>316<\/td><td>Maria Eunice Ribeiro Marcondes<\/td><td>Brasil<\/td><\/tr><tr><td>148<\/td><td>Maria Fernandes Pereira Rebelo de Macedo<\/td><td>Portugal<\/td><\/tr><tr><td>57<\/td><td>Maria Filomena Rodrigues Teixeira<\/td><td>Portugal<\/td><\/tr><tr><td>116<\/td><td>Maria Isabel Seixas da Cunha Chagas<\/td><td>Portugal<\/td><\/tr><tr><td>1<\/td><td>Maria Isabel Tavares Pinheiro Martins<\/td><td>Portugal<\/td><\/tr><tr><td>17<\/td><td>Maria Jos\u00e9 Afonso Magalh\u00e3es Rodrigues<\/td><td>Portugal<\/td><\/tr><tr><td>115<\/td><td>Maria Leonor da Gra\u00e7a Saraiva<\/td><td>Portugal<\/td><\/tr><tr><td>114<\/td><td>Maria Manuela P\u00f3voa Jorge<\/td><td>Portugal<\/td><\/tr><tr><td>6<\/td><td>Maria Mercedes Callejas Restrepo<\/td><td>Colombia<\/td><\/tr><tr><td>337<\/td><td>Mar\u00eda P\u00e9rez Aguilar<\/td><td>Espa\u00f1a<\/td><\/tr><tr><td>334<\/td><td>Mar\u00eda Rut Jim\u00e9nez Liso<\/td><td>Espa\u00f1a<\/td><\/tr><tr><td>145<\/td><td>Maria Teresa Bixir\u00e3o Neto<\/td><td>Portugal<\/td><\/tr><tr><td>324<\/td><td>Mariana dos Santos<\/td><td>Brasil<\/td><\/tr><tr><td>39<\/td><td>Mariana Matias Martinho<\/td><td>Portugal<\/td><\/tr><tr><td>140<\/td><td>Mariano Mart\u00edn Gordillo<\/td><td>Espa\u00f1a<\/td><\/tr><tr><td>205<\/td><td>Mario Quintanilla<\/td><td>Chile<\/td><\/tr><tr><td>258<\/td><td>Marta Cristina de Sousa Paz<\/td><td>Portugal<\/td><\/tr><tr><td>290<\/td><td>Mauro S\u00e9rgio Teixeira de Ara\u00fajo<\/td><td>Brasil<\/td><\/tr><tr><td>119<\/td><td>Mayra Garc\u00eda Ruiz<\/td><td>M\u00e9xico<\/td><\/tr><tr><td>289<\/td><td>Michel Pisa Carnio<\/td><td>Brasil<\/td><\/tr><tr><td>8<\/td><td>Miguel Angel G\u00f3mez Crespo [F]<\/td><td>Espa\u00f1a<\/td><\/tr><tr><td>225<\/td><td>Mirian Pacheco Silva Albrecht<\/td><td>Brasil<\/td><\/tr><tr><td>186<\/td><td>Monica Herrero<\/td><td>Espa\u00f1a<\/td><\/tr><tr><td>243<\/td><td>M\u00f3nica Lu\u00edsa Mendes Baptista<\/td><td>Portugal<\/td><\/tr><tr><td>126<\/td><td>M\u00f3nica Sofia Coelho Seabra<\/td><td>Portugal<\/td><\/tr><tr><td>146<\/td><td>Nancy Edith Fernandez Marchesi<\/td><td>Argentina<\/td><\/tr><tr><td>313<\/td><td>Nayara Nogueira Soares Marra<\/td><td>Brasil<\/td><\/tr><tr><td>198<\/td><td>Neide Maria Michellan Kiouranis<\/td><td>Brasil<\/td><\/tr><tr><td>131<\/td><td>Nelly Yolanda Cespedes Guevara<\/td><td>Colombia<\/td><\/tr><tr><td>218<\/td><td>Neusa Maria John Scheid<\/td><td>Brasil<\/td><\/tr><tr><td>322<\/td><td>Nilza Maria Vilhena Nunes da Costa<\/td><td>Portugal<\/td><\/tr><tr><td>341<\/td><td>Nirly Araujo dos Reis<\/td><td>Brasil<\/td><\/tr><tr><td>187<\/td><td>Olga Mayoral<\/td><td>Espa\u00f1a<\/td><\/tr><tr><td>88<\/td><td>Orlando Jos\u00e9 Martins Garganta Figueiredo<\/td><td>Portugal<\/td><\/tr><tr><td>162<\/td><td>Pablo Gonz\u00e1lez Yoval<\/td><td>M\u00e9xico<\/td><\/tr><tr><td>46<\/td><td>Patr\u00edcia Alexandra Pacheco de S\u00e1<\/td><td>Portugal<\/td><\/tr><tr><td>217<\/td><td>Patr\u00edcia Christine Silva<\/td><td>Portugal<\/td><\/tr><tr><td>60<\/td><td>Patr\u00edcia Margarida Nunes Jo\u00e3o<\/td><td>Portugal<\/td><\/tr><tr><td>332<\/td><td>Patricia Piana de Andrade<\/td><td>Brasil<\/td><\/tr><tr><td>143<\/td><td>Paula Cristina de Almeida Costa<\/td><td>Portugal<\/td><\/tr><tr><td>214<\/td><td>Paulo Gabriel Franco dos Santos<\/td><td>Brasil<\/td><\/tr><tr><td>81<\/td><td>Paulo Jorge de Carvalho Correia de Almeida<\/td><td>Portugal<\/td><\/tr><tr><td>76<\/td><td>Paulo Marcelo Marini Teixeira<\/td><td>Brasil<\/td><\/tr><tr><td>41<\/td><td>Pedro Guilherme Rocha dos Reis<\/td><td>Portugal<\/td><\/tr><tr><td>288<\/td><td>Perciliana F\u00e1tima Pena Zenaro<\/td><td>Brasil<\/td><\/tr><tr><td>266<\/td><td>Raquel de Rivas Verdes-Montenegro<\/td><td>Espa\u00f1a<\/td><\/tr><tr><td>18<\/td><td>Ricardo Pereira Sepini<\/td><td>Brasil<\/td><\/tr><tr><td>154<\/td><td>Rita Fl\u00e1via Veiga Tavares<\/td><td>Portugal<\/td><\/tr><tr><td>219<\/td><td>Roberth Jesus De-Carvalho<\/td><td>Brasil<\/td><\/tr><tr><td>312<\/td><td>Rodrigo da Luz Silva<\/td><td>Brasil<\/td><\/tr><tr><td>226<\/td><td>Rodrigo Jes\u00fas P\u00e1ez Cornejo<\/td><td>Chile<\/td><\/tr><tr><td>326<\/td><td>Rosa Branca Cameira Tracana Pereira<\/td><td>Portugal<\/td><\/tr><tr><td>36<\/td><td>Rosa Nida Tuay Sigua<\/td><td>Colombia<\/td><\/tr><tr><td>304<\/td><td>Rosemar Ayres dos Santos<\/td><td>Brasil<\/td><\/tr><tr><td>195<\/td><td>Rosemari Monteiro Castilho Foggiatto Silveira<\/td><td>Brasil<\/td><\/tr><tr><td>159<\/td><td>Rosil\u00e9ia Oliveira de Almeida<\/td><td>Brasil<\/td><\/tr><tr><td>295<\/td><td>Rosilene dos Santos Oliveira<\/td><td>Brasil<\/td><\/tr><tr><td>2<\/td><td>Rui Marques Vieira<\/td><td>Portugal<\/td><\/tr><tr><td>151<\/td><td>Ruth Molina<\/td><td>Colombia<\/td><\/tr><tr><td>305<\/td><td>Sandra da Costa Henriques Soares<\/td><td>Portugal<\/td><\/tr><tr><td>54<\/td><td>Saulo Hermosillo Marina<\/td><td>M\u00e9xico<\/td><\/tr><tr><td>348<\/td><td>Sebasti\u00e3o Rodrigues Moura<\/td><td>Brasil<\/td><\/tr><tr><td>268<\/td><td>Severina Coelho da Silva Cantanhede<\/td><td>Brasil<\/td><\/tr><tr><td>4<\/td><td>Silvia Porro<\/td><td>Argentina<\/td><\/tr><tr><td>158<\/td><td>Susana Alexandre dos Reis<\/td><td>Portugal<\/td><\/tr><tr><td>188<\/td><td>Tatiana Pina Desfilis<\/td><td>Espa\u00f1a<\/td><\/tr><tr><td>228<\/td><td>Teresa Maria Bettencourt da Cruz<\/td><td>Portugal<\/td><\/tr><tr><td>182<\/td><td>Terezinha Iolanda Ayres Pereira<\/td><td>Brasil<\/td><\/tr><tr><td>156<\/td><td>Valentina Piacentini<\/td><td>It\u00e1lia<\/td><\/tr><tr><td>73<\/td><td>Valter C\u00e9sar Montanher<\/td><td>Brasil<\/td><\/tr><tr><td>66<\/td><td>V\u00edtor Jos\u00e9 Martins de Oliveira<\/td><td>Portugal<\/td><\/tr><tr><td>13<\/td><td>Wildson Luiz Pereira dos Santos [F]<\/td><td>Brasil<\/td><\/tr><tr><td>128<\/td><td>William Manuel Mora Penagos<\/td><td>Colombia<\/td><\/tr><tr><td>234<\/td><td>Xana S\u00e1 Pinto<\/td><td>Portugal<\/td><\/tr><tr><td>130<\/td><td>Yair Alexander Porras Contreras<\/td><td>Colombia<\/td><\/tr><\/tbody><\/table><\/figure>\n","protected":false},"excerpt":{"rendered":"<p>N\u00ba de asociado Nombre completo Pa\u00eds 149 Adalberon Moreira de Lima Filho Brasil 11 Alcina Maria Parracho Mendes Portugal 336 Alejandra Ram\u00edrez Segado Espa\u00f1a 230 Alicia Benarroch Espa\u00f1a 65 Alvaro Chrispino Brasil 58 Amparo Hurtado Soler Espa\u00f1a 3 Amparo Vilches&hellip; <\/p>\n","protected":false},"author":1,"featured_media":0,"parent":0,"menu_order":9,"comment_status":"open","ping_status":"closed","template":"","meta":{"footnotes":""},"class_list":["post-8494","page","type-page","status-publish","hentry"],"_links":{"self":[{"href":"https:\/\/aia-cts.web.ua.pt\/index.php?rest_route=\/wp\/v2\/pages\/8494","targetHints":{"allow":["GET"]}}],"collection":[{"href":"https:\/\/aia-cts.web.ua.pt\/index.php?rest_route=\/wp\/v2\/pages"}],"about":[{"href":"https:\/\/aia-cts.web.ua.pt\/index.php?rest_route=\/wp\/v2\/types\/page"}],"author":[{"embeddable":true,"href":"https:\/\/aia-cts.web.ua.pt\/index.php?rest_route=\/wp\/v2\/users\/1"}],"replies":[{"embeddable":true,"href":"https:\/\/aia-cts.web.ua.pt\/index.php?rest_route=%2Fwp%2Fv2%2Fcomments&post=8494"}],"version-history":[{"count":9,"href":"https:\/\/aia-cts.web.ua.pt\/index.php?rest_route=\/wp\/v2\/pages\/8494\/revisions"}],"predecessor-version":[{"id":8970,"href":"https:\/\/aia-cts.web.ua.pt\/index.php?rest_route=\/wp\/v2\/pages\/8494\/revisions\/8970"}],"wp:attachment":[{"href":"https:\/\/aia-cts.web.ua.pt\/index.php?rest_route=%2Fwp%2Fv2%2Fmedia&parent=8494"}],"curies":[{"name":"wp","href":"https:\/\/api.w.org\/{rel}","templated":true}]}}