{"id":85,"date":"2013-05-30T14:58:45","date_gmt":"2013-05-30T13:58:45","guid":{"rendered":"http:\/\/aia-cts.web.ua.pt\/?page_id=85"},"modified":"2026-03-03T11:00:44","modified_gmt":"2026-03-03T11:00:44","slug":"formulario-candidatura-premio-cts","status":"publish","type":"page","link":"https:\/\/aia-cts.web.ua.pt\/?page_id=85","title":{"rendered":"Formul\u00e1rio de Candidatura"},"content":{"rendered":"\n<p><b>Para candidatura ao concurso:<\/b><\/p>\n\n\n\n<ol class=\"wp-block-list\">\n<li>Preenchimento do <a href=\"https:\/\/docs.google.com\/forms\/d\/e\/1FAIpQLSfg-EfzMOwcyANyX87NlOZ87cboETJr2qI2pvdvVu0iidNV3A\/viewform?usp=sf_link\" target=\"_blank\" rel=\"noopener\"><strong>Formul\u00e1rio de Candidatura online<\/strong><\/a> e envio da mesma informa\u00e7\u00e3o para o email <a href=\"mailto:de-aia-cts@ua.pt\" target=\"_blank\" rel=\"noopener\">de-aia-cts@ua.pt<\/a>.<\/li>\n\n\n\n<li>Envio dos seguintes documentos para formaliza\u00e7\u00e3o da candidatura:\n<ol class=\"wp-block-list\">\n<li>Formul\u00e1rio da candidatura (ficha em word <a href=\"http:\/\/aia-cts.web.ua.pt\/wp-content\/uploads\/2013\/05\/Formulario-Candidatura.docx\" target=\"_blank\" rel=\"noopener\">disponibilizada aqui<\/a>)<\/li>\n\n\n\n<li>Disserta\u00e7\u00e3o de Mestrado ou Tese de Doutoramento em formato PDF (texto completo);<\/li>\n\n\n\n<li>Lista de Publica\u00e7\u00f5es aceites ou submetidas resultantes do trabalho desenvolvido, com as respetivas refer\u00eancias completas (em formato PDF);<\/li>\n\n\n\n<li><b><i>Curriculum Vitae<\/i><\/b>\u00a0do autor e Orientador(es) (em formato PDF);<\/li>\n\n\n\n<li>Digitaliza\u00e7\u00e3o do certificado de conclus\u00e3o do grau (em formato PDF).<\/li>\n<\/ol>\n<\/li>\n<\/ol>\n\n\n\n<p>&nbsp;<\/p>\n\n\n\n<p>A informa\u00e7\u00e3o preenchida no <a href=\"https:\/\/docs.google.com\/forms\/d\/e\/1FAIpQLSfg-EfzMOwcyANyX87NlOZ87cboETJr2qI2pvdvVu0iidNV3A\/viewform?usp=sf_link\" target=\"_blank\" rel=\"noopener\">formul\u00e1rio de candidatura<\/a> e todos os documentos a anexar dever\u00e3o ser enviados para o endere\u00e7o de email <a href=\"mailto:de-aia-cts@ua.pt\" target=\"_blank\" rel=\"noopener\">de-aia-cts@ua.pt<\/a>.<\/p>\n\n\n\n<p>Por favor preencha os seus dados na ficha em word <a href=\"http:\/\/aia-cts.web.ua.pt\/wp-content\/uploads\/2013\/05\/Formulario-Candidatura.docx\" target=\"_blank\" rel=\"noopener\">disponibilizada aqui<\/a>.<\/p>\n","protected":false},"excerpt":{"rendered":"<p>Para candidatura ao concurso: &nbsp; A informa\u00e7\u00e3o preenchida no formul\u00e1rio de candidatura e todos os documentos a anexar dever\u00e3o ser enviados para o endere\u00e7o de email de-aia-cts@ua.pt. Por favor preencha os seus dados na ficha em word disponibilizada aqui.<\/p>\n","protected":false},"author":1,"featured_media":0,"parent":64,"menu_order":11,"comment_status":"open","ping_status":"closed","template":"","meta":{"footnotes":""},"class_list":["post-85","page","type-page","status-publish","hentry"],"_links":{"self":[{"href":"https:\/\/aia-cts.web.ua.pt\/index.php?rest_route=\/wp\/v2\/pages\/85","targetHints":{"allow":["GET"]}}],"collection":[{"href":"https:\/\/aia-cts.web.ua.pt\/index.php?rest_route=\/wp\/v2\/pages"}],"about":[{"href":"https:\/\/aia-cts.web.ua.pt\/index.php?rest_route=\/wp\/v2\/types\/page"}],"author":[{"embeddable":true,"href":"https:\/\/aia-cts.web.ua.pt\/index.php?rest_route=\/wp\/v2\/users\/1"}],"replies":[{"embeddable":true,"href":"https:\/\/aia-cts.web.ua.pt\/index.php?rest_route=%2Fwp%2Fv2%2Fcomments&post=85"}],"version-history":[{"count":21,"href":"https:\/\/aia-cts.web.ua.pt\/index.php?rest_route=\/wp\/v2\/pages\/85\/revisions"}],"predecessor-version":[{"id":8716,"href":"https:\/\/aia-cts.web.ua.pt\/index.php?rest_route=\/wp\/v2\/pages\/85\/revisions\/8716"}],"up":[{"embeddable":true,"href":"https:\/\/aia-cts.web.ua.pt\/index.php?rest_route=\/wp\/v2\/pages\/64"}],"wp:attachment":[{"href":"https:\/\/aia-cts.web.ua.pt\/index.php?rest_route=%2Fwp%2Fv2%2Fmedia&parent=85"}],"curies":[{"name":"wp","href":"https:\/\/api.w.org\/{rel}","templated":true}]}}