{"id":8665,"date":"2026-03-03T10:43:20","date_gmt":"2026-03-03T10:43:20","guid":{"rendered":"https:\/\/aia-cts.web.ua.pt\/?page_id=8665"},"modified":"2026-03-23T14:54:26","modified_gmt":"2026-03-23T14:54:26","slug":"inscripcion-y-pagos","status":"publish","type":"page","link":"https:\/\/aia-cts.web.ua.pt\/?page_id=8665&lang=es","title":{"rendered":"Inscripci\u00f3n y Pagos"},"content":{"rendered":"\n<h3 class=\"wp-block-heading\">Formulario de inscripci\u00f3n<\/h3>\n\n\n\n<figure class=\"wp-block-pullquote has-text-align-left has-small-font-size\"><blockquote><p><strong>Importante:<\/strong><br><br>La Asociaci\u00f3n Iberoamericana CTS en Ense\u00f1anza de las Ciencias (AIA-CTS) viene recibiendo pagos sin indicar el nombre del socio al que corresponde el importe, lo que imposibilita la emisi\u00f3n del recibo de pago de la cuota anual 2026.<br><br>Solicitamos a los socios que hayan realizado recientemente alg\u00fan pago en estas condiciones, o que detecten alg\u00fan fallo de comunicaci\u00f3n al respecto, que se pongan en contacto urgentemente con los miembros de la junta directiva y con el correo electr\u00f3nico <a href=\"mailto:de-aia-cts@ua.pt\" target=\"_blank\" rel=\"noreferrer noopener\">de-aia-cts@ua.pt<\/a> para regularizar la situaci\u00f3n o aclarar cualquier duda.<br><br>Para facilitar la correcta identificaci\u00f3n de los pagos y la emisi\u00f3n de los correspondientes recibos, les agradecer\u00edamos que, al realizar el pago, <strong>indiquen en la descripci\u00f3n concepto el n\u00famero de socio. El n\u00famero de socio puede consultarse <a href=\"https:\/\/aia-cts.web.ua.pt\/?page_id=8494&amp;lang=es\" target=\"_blank\" rel=\"noreferrer noopener\">aqu\u00ed<\/a>.<\/strong> Siempre que sea posible, les solicitamos que env\u00eden tambi\u00e9n el comprobante de pago a la direcci\u00f3n de correo electr\u00f3nico <a href=\"mailto:de-aia-cts@ua.pt\">de-aia-cts@ua.pt<\/a>.<\/p><\/blockquote><\/figure>\n\n\n\n<p><strong><a href=\"https:\/\/docs.google.com\/spreadsheet\/viewform?formkey=dEhvaVZQWXN0LUZlVVRzS1hLYk01bXc6MQ#gid=0\" target=\"_blank\" rel=\"noopener noreferrer\">Formulario de inscripci\u00f3n<\/a><\/strong><\/p>\n\n\n\n<h3 class=\"wp-block-heading\">Pagamento de la cuota<\/h3>\n\n\n\n<p>Pagamentos de la cuota 2026: <strong>enero 202<\/strong>6<\/p>\n\n\n\n<p>Los valores de la Cuota Anual actuales son:<\/p>\n\n\n\n<ul class=\"wp-block-list\">\n<li>35 EUROS para socio efectivo;<\/li>\n\n\n\n<li>50 EUROS para socio colectivo;<\/li>\n\n\n\n<li>25 EUROS para estudiantes de posgrado (m\u00e1ster, doctorado y posdoctorado)<\/li>\n<\/ul>\n\n\n\n<p>El cambio de estos valores, que se har\u00e1 en la Asamblea General, siempre se comunicar\u00e1 a los miembros.<\/p>\n\n\n\n<p>El pago puede hacerse a trav\u00e9s de:<\/p>\n\n\n\n<p><b>Cheque o giro postal<\/b> (s\u00f3lo para pagos nacionales)<\/p>\n\n\n\n<p>(a la orden de AIA-CTS)<\/p>\n\n\n\n<p>Professor Rui Marques Vieira<br>Universidade de Aveiro<br>Departamento de Educa\u00e7\u00e3o e Psicologia<br>3810-193 AVEIRO \u2013 PORTUGAL<\/p>\n\n\n\n<p><b>Transferencia bancaria<\/b><\/p>\n\n\n\n<p><b>(E-mail con el comprobante de pago)<\/b><\/p>\n\n\n\n<p><b>Transfer\u00eancia Banc\u00e1ria<br><\/b>(enviar e-mail com comprovativo do pagamento)<\/p>\n\n\n\n<p>Banco: Caixa Geral de Dep\u00f3sitos<br>Ag\u00eancia: Glic\u00ednias &#8211; Aveiro<br>Localidade: Aveiro \u2013 Portugal<\/p>\n\n\n\n<p>NIB (N\u00famero de Identifica\u00e7\u00e3o Banc\u00e1ria) &nbsp; &nbsp; &nbsp; &nbsp; &nbsp; &nbsp; &nbsp; 0035 0836 00002376 330 27<br>IBAN (International Bank Account Number) &nbsp; &nbsp; &nbsp; &nbsp; &nbsp;PT50 0035 0836 00002376 330 27<br>BIC (Bank Identification Code) \/Swift &nbsp; &nbsp; &nbsp; &nbsp; &nbsp; &nbsp; &nbsp; &nbsp; &nbsp; CGDIPTPL<\/p>\n\n\n\n<p><b>Paypal<\/b><\/p>\n\n\n\n<p>Haga su pago&nbsp;&nbsp;<a href=\"https:\/\/www.paypal.com\/pt\/cgi-bin\/webscr?cmd=_flow&amp;SESSION=p-4FYHBq0e4lbug1gRNX1y1ZTaMdXMWVxb2OPMG734tw9zoD6S44Qmw_b1W&amp;dispatch=5885d80a13c0db1f8e263663d3faee8d96fc0752e9614158f04872d2f2ae25dc&amp;country.x=PT&amp;locale.x=pt_PT\" target=\"_blank\" rel=\"noopener noreferrer\">aqui<\/a>&nbsp;usando el correo electr\u00f3nico&nbsp;&nbsp;<a href=\"mailto:de-aia-cts@ua.pt\" target=\"_blank\" rel=\"noopener noreferrer\">de-aia-cts@ua.pt<\/a><\/p>\n","protected":false},"excerpt":{"rendered":"<p>Formulario de inscripci\u00f3n Importante: La Asociaci\u00f3n Iberoamericana CTS en Ense\u00f1anza de las Ciencias (AIA-CTS) viene recibiendo pagos sin indicar el nombre del socio al que corresponde el importe, lo que imposibilita la emisi\u00f3n del recibo de pago de la cuota&hellip; <\/p>\n","protected":false},"author":1,"featured_media":281,"parent":8494,"menu_order":10,"comment_status":"open","ping_status":"closed","template":"","meta":{"footnotes":""},"class_list":["post-8665","page","type-page","status-publish","has-post-thumbnail","hentry"],"_links":{"self":[{"href":"https:\/\/aia-cts.web.ua.pt\/index.php?rest_route=\/wp\/v2\/pages\/8665","targetHints":{"allow":["GET"]}}],"collection":[{"href":"https:\/\/aia-cts.web.ua.pt\/index.php?rest_route=\/wp\/v2\/pages"}],"about":[{"href":"https:\/\/aia-cts.web.ua.pt\/index.php?rest_route=\/wp\/v2\/types\/page"}],"author":[{"embeddable":true,"href":"https:\/\/aia-cts.web.ua.pt\/index.php?rest_route=\/wp\/v2\/users\/1"}],"replies":[{"embeddable":true,"href":"https:\/\/aia-cts.web.ua.pt\/index.php?rest_route=%2Fwp%2Fv2%2Fcomments&post=8665"}],"version-history":[{"count":4,"href":"https:\/\/aia-cts.web.ua.pt\/index.php?rest_route=\/wp\/v2\/pages\/8665\/revisions"}],"predecessor-version":[{"id":8903,"href":"https:\/\/aia-cts.web.ua.pt\/index.php?rest_route=\/wp\/v2\/pages\/8665\/revisions\/8903"}],"up":[{"embeddable":true,"href":"https:\/\/aia-cts.web.ua.pt\/index.php?rest_route=\/wp\/v2\/pages\/8494"}],"wp:featuredmedia":[{"embeddable":true,"href":"https:\/\/aia-cts.web.ua.pt\/index.php?rest_route=\/wp\/v2\/media\/281"}],"wp:attachment":[{"href":"https:\/\/aia-cts.web.ua.pt\/index.php?rest_route=%2Fwp%2Fv2%2Fmedia&parent=8665"}],"curies":[{"name":"wp","href":"https:\/\/api.w.org\/{rel}","templated":true}]}}