{"id":8680,"date":"2026-03-03T10:47:06","date_gmt":"2026-03-03T10:47:06","guid":{"rendered":"https:\/\/aia-cts.web.ua.pt\/?page_id=8680"},"modified":"2026-03-03T10:47:07","modified_gmt":"2026-03-03T10:47:07","slug":"ciencia-de-la-sostenibilidad","status":"publish","type":"page","link":"https:\/\/aia-cts.web.ua.pt\/?page_id=8680&lang=es","title":{"rendered":"Ciencia de la sostenibilidad"},"content":{"rendered":"\n<p>La estrecha vinculaci\u00f3n de los problemas socioambientales que caracterizan la grave situaci\u00f3n de emergencia planetaria reduce la efectividad de su tratamiento por separado realizado por distintas disciplinas, por lo que se precisa una nueva \u00e1rea de conocimientos, una <i>Ciencia de la Sostenibilidad<\/i>, que integre campos aparentemente tan alejados como, por ejemplo, el de la econom\u00eda, el del estudio de la biodiversidad y el de la eficiencia energ\u00e9tica, pero que tienen en com\u00fan el referirse a acciones humanas que afectan a la naturaleza. Se hace evidente, pues, la necesidad de abordar globalmente, sin reduccionismos, el sistema cada vez m\u00e1s complejo constituido por las sociedades humanas y los sistemas naturales con los que interaccionan y de los que, en definitiva, forma parte. Esa es la raz\u00f3n de ser de la naciente <i>Ciencia de la Sostenibilidad<\/i>, cuyo objetivo expl\u00edcito es contribuir a la transici\u00f3n a la sostenibilidad, es decir, se\u00f1alar el camino hacia una sociedad sostenible.<\/p>\n\n\n\n<p>Se trata de una ciencia nueva para un nuevo per\u00edodo de la historia de la humanidad, el <i>Antropoceno<\/i>, en el que el planeta est\u00e1 experimentando grandes cambios, debidos principalmente a la acci\u00f3n de los seres humanos y que afectan desde la biodiversidad hasta a la composici\u00f3n de la atm\u00f3sfera, amenazando la supervivencia de la propia especie humana. La Revoluci\u00f3n Industrial y los cambios econ\u00f3micos, demogr\u00e1ficos, tecnol\u00f3gicos y culturales asociados a la misma han conducido a lo que muchos cient\u00edficos han comenzado a denominar \u2018el Antropoceno\u2019, que podemos b\u00e1sicamente traducir como la Edad de los seres humanos. Una respuesta a este desarrollo es el campo emergente de la \u2018Ciencia de la Sostenibilidad\u2019, un intento multidisciplinar y sist\u00e9mico de percibir y comprender esta nueva etapa.<\/p>\n\n\n\n<p>Puede afirmarse por ello que nos encontramos ante <i>una profunda revoluci\u00f3n cient\u00edfica<\/i>: despu\u00e9s de la revoluci\u00f3n copernicana que vino a unificar Cielo y Tierra, despu\u00e9s de la Teor\u00eda de la Evoluci\u00f3n, que estableci\u00f3 el puente entre la especie humana y el resto de los seres vivos\u2026 ahora estar\u00edamos asistiendo a la integraci\u00f3n del desarrollo social (econ\u00f3mico, industrial, cultural\u2026) con los procesos del llamado mundo natural. Se derriban as\u00ed barreras como la que separaba las ciencias sociales de las naturales, haciendo posible la comprensi\u00f3n de las interacciones humanidad\/medio f\u00edsico al abordar conjuntamente una problem\u00e1tica que es sist\u00e9mica y compleja.<\/p>\n\n\n\n<p>Pero la revoluci\u00f3n cient\u00edfica que supone la Ciencia de la Sostenibilidad va m\u00e1s all\u00e1 de la unificaci\u00f3n de campos y resulta a\u00fan m\u00e1s profunda: se ha comprendido que, para hacer posible la transici\u00f3n a la sostenibilidad, es necesario incorporar en la investigaci\u00f3n y toma de decisiones a personas cuyo trabajo habitual se desarrolla fuera del \u00e1mbito acad\u00e9mico, porque los objetivos, conocimientos y posibilidad de intervenci\u00f3n de la ciudadan\u00eda resultan imprescindibles para definir y poner en pr\u00e1ctica estrategias viables. Se trata, por tanto, de una ciencia no solo interdisciplinar sino esencialmente <i>transdisciplinar<\/i> que potencia la participaci\u00f3n ciudadana desde el origen mismo de los estudios realizados, es decir, que apuesta por una plena integraci\u00f3n Ciencia\/ Tecnolog\u00eda\/ Sociedad\/ Ambiente que rompa el aislamiento del mundo acad\u00e9mico y multiplique la efectividad del trabajo conjunto (Ver <a href=\"http:\/\/www.oei.es\/decada\/accion.php?accion=24\">http:\/\/www.oei.es\/decada\/accion.php?accion=24<\/a>).<\/p>\n\n\n\n<p>Y en este desarrollo, la educaci\u00f3n est\u00e1 jugando y ha de seguir jugando un papel esencial, como demanda el car\u00e1cter transdisciplinar de la Ciencia de la Sostenibilidad. Desde la Asociaci\u00f3n AIA-CTS, hacemos un llamamiento a todos sus miembros para el impulso de esta nueva \u00e1rea de conocimientos y el env\u00edo de cuantas publicaciones en las que participen consideren que son una contribuci\u00f3n a la Ciencia de la Sostenibilidad.<\/p>\n\n\n\n<p>Vilches, A., &amp; Gil P\u00e9rez, D. (2013). Ciencia de la sostenibilidad: Un nuevo campo de conocimientos al que la qu\u00edmica y la educaci\u00f3n qu\u00edmica est\u00e1n contribuyendo.&nbsp;<i>Educaci\u00f3n qu\u00edmica<\/i>,&nbsp;<i>24<\/i>(2), 199-206.&nbsp;<a href=\"http:\/\/aia-cts.web.ua.pt\/wp-content\/uploads\/2014\/02\/VilchesGil2013_CS_EQ.pdf\" target=\"_blank\" rel=\"noopener\">[download]<\/a><\/p>\n","protected":false},"excerpt":{"rendered":"<p>La estrecha vinculaci\u00f3n de los problemas socioambientales que caracterizan la grave situaci\u00f3n de emergencia planetaria reduce la efectividad de su tratamiento por separado realizado por distintas disciplinas, por lo que se precisa una nueva \u00e1rea de conocimientos, una Ciencia de&hellip; <\/p>\n","protected":false},"author":1,"featured_media":0,"parent":8551,"menu_order":6,"comment_status":"open","ping_status":"closed","template":"","meta":{"footnotes":""},"class_list":["post-8680","page","type-page","status-publish","hentry"],"_links":{"self":[{"href":"https:\/\/aia-cts.web.ua.pt\/index.php?rest_route=\/wp\/v2\/pages\/8680","targetHints":{"allow":["GET"]}}],"collection":[{"href":"https:\/\/aia-cts.web.ua.pt\/index.php?rest_route=\/wp\/v2\/pages"}],"about":[{"href":"https:\/\/aia-cts.web.ua.pt\/index.php?rest_route=\/wp\/v2\/types\/page"}],"author":[{"embeddable":true,"href":"https:\/\/aia-cts.web.ua.pt\/index.php?rest_route=\/wp\/v2\/users\/1"}],"replies":[{"embeddable":true,"href":"https:\/\/aia-cts.web.ua.pt\/index.php?rest_route=%2Fwp%2Fv2%2Fcomments&post=8680"}],"version-history":[{"count":2,"href":"https:\/\/aia-cts.web.ua.pt\/index.php?rest_route=\/wp\/v2\/pages\/8680\/revisions"}],"predecessor-version":[{"id":8686,"href":"https:\/\/aia-cts.web.ua.pt\/index.php?rest_route=\/wp\/v2\/pages\/8680\/revisions\/8686"}],"up":[{"embeddable":true,"href":"https:\/\/aia-cts.web.ua.pt\/index.php?rest_route=\/wp\/v2\/pages\/8551"}],"wp:attachment":[{"href":"https:\/\/aia-cts.web.ua.pt\/index.php?rest_route=%2Fwp%2Fv2%2Fmedia&parent=8680"}],"curies":[{"name":"wp","href":"https:\/\/api.w.org\/{rel}","templated":true}]}}