{"id":8704,"date":"2026-03-03T11:00:53","date_gmt":"2026-03-03T11:00:53","guid":{"rendered":"https:\/\/aia-cts.web.ua.pt\/?page_id=8704"},"modified":"2026-03-03T11:00:54","modified_gmt":"2026-03-03T11:00:54","slug":"formulario-de-candidatura","status":"publish","type":"page","link":"https:\/\/aia-cts.web.ua.pt\/?page_id=8704&lang=es","title":{"rendered":"Formulario de Candidatura"},"content":{"rendered":"\n<p><b>Para presentar tu candidatura al concurso:<\/b><\/p>\n\n\n\n<ol class=\"wp-block-list\">\n<li>Rellenar el <a href=\"https:\/\/docs.google.com\/forms\/d\/e\/1FAIpQLSfg-EfzMOwcyANyX87NlOZ87cboETJr2qI2pvdvVu0iidNV3A\/viewform?usp=sf_link\" target=\"_blank\" rel=\"noreferrer noopener\">Formulario de Candidatura en l\u00ednea<\/a> y enviar la misma informaci\u00f3n al correo electr\u00f3nico <a href=\"mailto:de-aia-cts@ua.pt\" target=\"_blank\" rel=\"noopener\">de-aia-cts@ua.pt<\/a>.<\/li>\n\n\n\n<li>Env\u00edo de los siguientes documentos para formalizar la candidatura:\n<ol class=\"wp-block-list\">\n<li>Formulario de solicitud (plantilla en Word <a href=\"http:\/\/aia-cts.web.ua.pt\/wp-content\/uploads\/2013\/05\/Formulario-Candidatura.docx\" target=\"_blank\" rel=\"noreferrer noopener\">disponible aqu\u00ed<\/a>)<\/li>\n\n\n\n<li>Tesis de m\u00e1ster o tesis doctoral en formato PDF (texto completo);<\/li>\n\n\n\n<li>Lista de publicaciones aceptadas o enviadas como resultado del trabajo realizado, con las referencias completas correspondientes (en formato PDF);<\/li>\n\n\n\n<li><em>Curriculum Vitae<\/em> del autor y del director o directores (en formato PDF);<\/li>\n\n\n\n<li>Escaneo del certificado de finalizaci\u00f3n del grado (en formato PDF).<\/li>\n<\/ol>\n<\/li>\n<\/ol>\n\n\n\n<p>La informaci\u00f3n rellenada en el <a href=\"https:\/\/docs.google.com\/forms\/d\/e\/1FAIpQLSfg-EfzMOwcyANyX87NlOZ87cboETJr2qI2pvdvVu0iidNV3A\/viewform?usp=sf_link\" target=\"_blank\" rel=\"noopener\">formulario de candidatura<\/a> y todos los documentos adjuntos deber\u00e1n enviarse a la direcci\u00f3n de correo electr\u00f3nico <a href=\"mailto:de-aia-cts@ua.pt\" target=\"_blank\" rel=\"noopener\">de-aia-cts@ua.pt<\/a>.<\/p>\n\n\n\n<p>Por favor, rellene sus datos en el formulario en Word <a href=\"http:\/\/aia-cts.web.ua.pt\/wp-content\/uploads\/2013\/05\/Formulario-Candidatura.docx\" target=\"_blank\" rel=\"noreferrer noopener\">disponible aqu\u00ed<\/a>.<\/p>\n","protected":false},"excerpt":{"rendered":"<p>Para presentar tu candidatura al concurso: La informaci\u00f3n rellenada en el formulario de candidatura y todos los documentos adjuntos deber\u00e1n enviarse a la direcci\u00f3n de correo electr\u00f3nico de-aia-cts@ua.pt. Por favor, rellene sus datos en el formulario en Word disponible aqu\u00ed.<\/p>\n","protected":false},"author":1,"featured_media":0,"parent":8659,"menu_order":11,"comment_status":"open","ping_status":"closed","template":"","meta":{"footnotes":""},"class_list":["post-8704","page","type-page","status-publish","hentry"],"_links":{"self":[{"href":"https:\/\/aia-cts.web.ua.pt\/index.php?rest_route=\/wp\/v2\/pages\/8704","targetHints":{"allow":["GET"]}}],"collection":[{"href":"https:\/\/aia-cts.web.ua.pt\/index.php?rest_route=\/wp\/v2\/pages"}],"about":[{"href":"https:\/\/aia-cts.web.ua.pt\/index.php?rest_route=\/wp\/v2\/types\/page"}],"author":[{"embeddable":true,"href":"https:\/\/aia-cts.web.ua.pt\/index.php?rest_route=\/wp\/v2\/users\/1"}],"replies":[{"embeddable":true,"href":"https:\/\/aia-cts.web.ua.pt\/index.php?rest_route=%2Fwp%2Fv2%2Fcomments&post=8704"}],"version-history":[{"count":3,"href":"https:\/\/aia-cts.web.ua.pt\/index.php?rest_route=\/wp\/v2\/pages\/8704\/revisions"}],"predecessor-version":[{"id":8719,"href":"https:\/\/aia-cts.web.ua.pt\/index.php?rest_route=\/wp\/v2\/pages\/8704\/revisions\/8719"}],"up":[{"embeddable":true,"href":"https:\/\/aia-cts.web.ua.pt\/index.php?rest_route=\/wp\/v2\/pages\/8659"}],"wp:attachment":[{"href":"https:\/\/aia-cts.web.ua.pt\/index.php?rest_route=%2Fwp%2Fv2%2Fmedia&parent=8704"}],"curies":[{"name":"wp","href":"https:\/\/api.w.org\/{rel}","templated":true}]}}