{"id":8782,"date":"2026-03-03T11:13:26","date_gmt":"2026-03-03T11:13:26","guid":{"rendered":"https:\/\/aia-cts.web.ua.pt\/?page_id=8782"},"modified":"2026-03-03T11:13:27","modified_gmt":"2026-03-03T11:13:27","slug":"premio-aia-cts-2024","status":"publish","type":"page","link":"https:\/\/aia-cts.web.ua.pt\/?page_id=8782&lang=es","title":{"rendered":"Pr\u00e9mio AIA-CTS 2024"},"content":{"rendered":"\n<p><strong>Candidaturas:&nbsp;Trabalhos conclu\u00eddos em 2022 e 2023<\/strong><\/p>\n\n\n\n<h6 class=\"wp-block-heading\">J\u00daRI:<\/h6>\n\n\n\n<ol start=\"1\" class=\"wp-block-list\">\n<li><strong>Isabel P. Martins<\/strong>, Universidade de Aveiro \u2013 Portugal \u2013&nbsp;<strong>Presidente do J\u00fari<\/strong><\/li>\n\n\n\n<li><strong>Rosa Nidia Tuay Sigua<\/strong>, Universidad Pedag\u00f3gica Nacional \u2013 Colombia<\/li>\n\n\n\n<li><strong>\u00c1ngel V\u00e1zquez Alonso<\/strong>, Universidad de las Islas Baleares \u2013 Espa\u00f1a<\/li>\n\n\n\n<li><strong>Carla Morais<\/strong>, Universidade do Porto &#8211; Portugal<\/li>\n\n\n\n<li><strong>Jorge Bonito<\/strong>, Universidade de \u00c9vora &#8211; Portugal<\/li>\n\n\n\n<li><strong>M\u00f3nica Herrero<\/strong>, Universidade de Oviedo \u2013 Espa\u00f1a<\/li>\n\n\n\n<li><strong>Isabel Sofia Rebelo<\/strong>, Instituto Polit\u00e9cnico de Leiria \u2013 Portugal<\/li>\n\n\n\n<li><strong>Neusa Scheid<\/strong>, Universidade Regional Integrada do Alto Uruguai e das Miss\u00f5es \u2013 Brasil<\/li>\n\n\n\n<li><strong>Saulo Hermosillo Marina<\/strong>, Universidad Nacional Aut\u00f3noma de M\u00e9xico \u2013 M\u00e9xico<\/li>\n\n\n\n<li><strong>Blanca Puig<\/strong>, Universidade de Santiago de Compostela &#8211; Espa\u00f1a<\/li>\n\n\n\n<li><strong>Aureli Caama\u00f1o<\/strong>, Sociedad Catalana de Qu\u00edmica &#8211; Espa\u00f1a<\/li>\n\n\n\n<li><strong>Valter Cesar Montanher<\/strong>, Instituto Federal de Educa\u00e7\u00e3o, Ci\u00eancia e Tecnologia de S\u00e3o Paulo \u2013 Brasil<\/li>\n<\/ol>\n\n\n\n<div style=\"height:20px\" aria-hidden=\"true\" class=\"wp-block-spacer\"><\/div>\n\n\n\n<h6 class=\"wp-block-heading\"><strong>DOUTORAMENTO:<\/strong><\/h6>\n\n\n\n<p><strong>10 Candidaturas<\/strong><\/p>\n\n\n\n<p><strong>VENCEDORA:&nbsp;Alejandra Ramirez Segado<\/strong><\/p>\n\n\n\n<p><strong>ORIENTA\u00c7\u00c3O: <\/strong>Alicia Benarroch Benarroch y Mar\u00eda Rodr\u00edguez Serrano, Universidade de Granada, ESPANHA<\/p>\n\n\n\n<p><strong>TESE: <\/strong>\u201cLa Nueva Cultura del Agua como contexto de ense\u00f1anza-aprendizaje en la formaci\u00f3n inicial del profesorado. Una perspectiva multicultural\u201d<\/p>\n\n\n\n<p><strong><a href=\"https:\/\/hdl.handle.net\/10481\/77255\" target=\"_blank\" rel=\"noreferrer noopener\">Tese de Doutoramento de Alejandra Ramirez Segado<\/a><\/strong><\/p>\n\n\n\n<p><a href=\"http:\/\/aia-cts.web.ua.pt\/wp-content\/uploads\/2024\/10\/Diploma-de-Merito_Tese-de-Doutoramento2024.pdf\" data-type=\"link\" data-id=\"http:\/\/aia-cts.web.ua.pt\/wp-content\/uploads\/2024\/10\/Diploma-de-Merito_Tese-de-Doutoramento2024.pdf\" target=\"_blank\" rel=\"noreferrer noopener\"><strong>Diploma de M\u00e9rito Tese de Doutoramento de Alejandra Ramirez Segado<\/strong><\/a><\/p>\n\n\n\n<div style=\"height:20px\" aria-hidden=\"true\" class=\"wp-block-spacer\"><\/div>\n\n\n\n<h6 class=\"wp-block-heading\"><strong>MESTRADO:<\/strong><\/h6>\n\n\n\n<p><strong>3 Candidaturas<\/strong><\/p>\n\n\n\n<p><strong>VENCEDORA:&nbsp;Mar\u00eda P\u00e9rez Aguilar<\/strong><\/p>\n\n\n\n<p><strong>ORIENTA\u00c7\u00c3O: <\/strong>Mar\u00eda Calero Llinares, Universidade de Val\u00e8ncia, ESPANHA<\/p>\n\n\n\n<p><strong>DISSERTA\u00c7\u00c3O: <\/strong>\u201cLas interacciones CTSA como oportunidade para la implementaci\u00f3n de una propuesta de aprendizaje-servicio sobre consumo responsable en Educaci\u00f3n Secundaria\u201d<\/p>\n\n\n\n<p><strong><a href=\"https:\/\/hdl.handle.net\/10550\/83419\" target=\"_blank\" rel=\"noreferrer noopener\">Disserta\u00e7\u00e3o de Mestrado de Mar\u00eda P\u00e9rez Aguilar<\/a><\/strong><\/p>\n\n\n\n<p><strong><a href=\"http:\/\/aia-cts.web.ua.pt\/wp-content\/uploads\/2024\/10\/Diploma-de-Merito_Dissertacao-Mestrado2024.pdf\" data-type=\"link\" data-id=\"http:\/\/aia-cts.web.ua.pt\/wp-content\/uploads\/2024\/10\/Diploma-de-Merito_Dissertacao-Mestrado2024.pdf\" target=\"_blank\" rel=\"noreferrer noopener\">Diploma de M\u00e9rito Disserta\u00e7\u00e3o de Mestrado de Mar\u00eda P\u00e9rez Aguilar<\/a><\/strong><\/p>\n","protected":false},"excerpt":{"rendered":"<p>Candidaturas:&nbsp;Trabalhos conclu\u00eddos em 2022 e 2023 J\u00daRI: DOUTORAMENTO: 10 Candidaturas VENCEDORA:&nbsp;Alejandra Ramirez Segado ORIENTA\u00c7\u00c3O: Alicia Benarroch Benarroch y Mar\u00eda Rodr\u00edguez Serrano, Universidade de Granada, ESPANHA TESE: \u201cLa Nueva Cultura del Agua como contexto de ense\u00f1anza-aprendizaje en la formaci\u00f3n inicial del&hellip; <\/p>\n","protected":false},"author":1,"featured_media":0,"parent":8659,"menu_order":17,"comment_status":"closed","ping_status":"closed","template":"","meta":{"footnotes":""},"class_list":["post-8782","page","type-page","status-publish","hentry"],"_links":{"self":[{"href":"https:\/\/aia-cts.web.ua.pt\/index.php?rest_route=\/wp\/v2\/pages\/8782","targetHints":{"allow":["GET"]}}],"collection":[{"href":"https:\/\/aia-cts.web.ua.pt\/index.php?rest_route=\/wp\/v2\/pages"}],"about":[{"href":"https:\/\/aia-cts.web.ua.pt\/index.php?rest_route=\/wp\/v2\/types\/page"}],"author":[{"embeddable":true,"href":"https:\/\/aia-cts.web.ua.pt\/index.php?rest_route=\/wp\/v2\/users\/1"}],"replies":[{"embeddable":true,"href":"https:\/\/aia-cts.web.ua.pt\/index.php?rest_route=%2Fwp%2Fv2%2Fcomments&post=8782"}],"version-history":[{"count":2,"href":"https:\/\/aia-cts.web.ua.pt\/index.php?rest_route=\/wp\/v2\/pages\/8782\/revisions"}],"predecessor-version":[{"id":8788,"href":"https:\/\/aia-cts.web.ua.pt\/index.php?rest_route=\/wp\/v2\/pages\/8782\/revisions\/8788"}],"up":[{"embeddable":true,"href":"https:\/\/aia-cts.web.ua.pt\/index.php?rest_route=\/wp\/v2\/pages\/8659"}],"wp:attachment":[{"href":"https:\/\/aia-cts.web.ua.pt\/index.php?rest_route=%2Fwp%2Fv2%2Fmedia&parent=8782"}],"curies":[{"name":"wp","href":"https:\/\/api.w.org\/{rel}","templated":true}]}}